{"id":4715,"date":"2024-11-07T10:46:27","date_gmt":"2024-11-07T09:46:27","guid":{"rendered":"https:\/\/oreskills.eu\/ore-profili-lavorativi\/"},"modified":"2024-11-07T11:22:00","modified_gmt":"2024-11-07T10:22:00","slug":"ore-profili-lavorativi","status":"publish","type":"page","link":"https:\/\/oreskills.eu\/it\/ore-profili-lavorativi\/","title":{"rendered":"ORE profili lavorativi"},"content":{"rendered":"<style>\/*! elementor - v3.23.0 - 05-08-2024 *\/\n.elementor-heading-title{padding:0;margin:0;line-height:1}.elementor-widget-heading .elementor-heading-title[class*=elementor-size-]>a{color:inherit;font-size:inherit;line-height:inherit}.elementor-widget-heading .elementor-heading-title.elementor-size-small{font-size:15px}.elementor-widget-heading .elementor-heading-title.elementor-size-medium{font-size:19px}.elementor-widget-heading .elementor-heading-title.elementor-size-large{font-size:29px}.elementor-widget-heading .elementor-heading-title.elementor-size-xl{font-size:39px}.elementor-widget-heading .elementor-heading-title.elementor-size-xxl{font-size:59px}<\/style>\n<h3>ORE profili lavorativi<\/h3>\n<p>L\u2019attuale economia globale \u00e8 sempre pi\u00f9 interconnessa e le opportunit\u00e0 lavorative nel settore offshore sono diventate significative in diversi ambiti industriali con particolare importanza al settore delle rinnovabili del mare. Le correlate professioni sono spesso localizzate in alto mare e offrono del percorsi ed esperienze lavorative uniche. <\/p>\n<p>Con molt\u00e0 probabilit\u00e0, diversi profili lavorativi di questo settore non sono ancora conoscuiti anche se ognuno pu\u00f2 trovare la propria dimensione, indipendentemente da genere, et\u00e0 ed etnia. <\/p>\n<p>FLORES ha sviluppato del materiale sulla consapevolezza delle carriere lavorative che si focalizza su un\u2019ampia serie di lavori che contribuiscono allo sviluppo delle rinnovabli offshore. Questi sono distribuiti lungo tutto il ciclo di vita dei progetti delle rinnovabili del mare, alcuni possono essere svolti in mare, come il sub, mentre alri a terra. Possono richiedere lavoro di ufficio o di laboratorio, come il biologo marino, alternativamente combinano sia lavoro in mare che a terra, come il manager per l\u2019installazione dei cavi.    <\/p>\n<h3>Alcuni esempi di lavori nell\u2019ambito rinnovabili del mare<\/h3>\n<ul>\n<li>Manager per la sorveglianza digitale: un manager per il monitoraggio digitale sviluppa un software dedicato per i clienti che operano nell\u2019offshore. Il software consente agli operatori di monitorare il parco eolico o altri progetti offshore che necessitano di sorveglianza ma che, allo stesso tempo, possono essere destinati ad altri scopi, come il tracciamento di persone che lavorano in mare, garantire la loro sicurezza o fornire una connessione 5G al parco eolico. <\/li>\n<li>Manager per l\u2019installazione dei cavi: grazie alle sue competenze ingegneristiche, il manager per l\u2019installazione dei cavi \u00e8 responosabile per la pianificazione, la fornitura e l\u2019installazione di cavi sottomarini che connettono la turbina eolica alla stazione offshore. Monitora l\u2019avanzamento della produzione dei cavi con visite nel sito di produzione finalizzate ad accertarne la qualit\u00e0. Durante l\u2019installazione degli stessi, il manager si reca in mare per supervisionare l\u2019attivit\u00e0.  <\/li>\n<li>Biologo marino: il biologo marino studia la vita marina, come gli organismi interagiscono tra loro ma anche come lo fanno con gli esseri umani. La costruzione di impianti rinnovabili offshore ha un impatto notevole sull\u2019ambiente marino e per tale motivo i biologi marini sono coinvolti nalla fase iniziale di un progetto in mare al fine di studiare l\u2019impatto dello stesso in termini negativi (rumore sottomarino prodotto durante la costruzione) o positivo (creazione di nuovi habitat o luogi di riparo per specie marine).  <\/li>\n<li>Sub: il sub svolte determinati interventi in ambiente sottomarino. Come nelle costruzioni a terra, i progetti offshore necessitano di operazioni ordinarie svolte in ambiente marino quali la saldatura e l\u2019installazione e la riparazione di cavi. I sub sono formati per svolgere tutte queste operazioni sottomarine.  <\/li>\n<li>Esperto di pianificazione dello spazio marino: prima di iniziare un progetto offshore, qualcuno deve chiarire dove questo pu\u00f2 essere sviluppano ovvero un sito che non causa problemi a cittadini, natura e fauna, ecc. Tale azione richiede un eccellente lavoro di pianificazione che viene svolto dall\u2019esperto di pianificazione dello spazio marino il quale aiuta le autorit\u00e0 pubbliche a mappare il mare e pianificare come usare lo stesso per diverse attivit\u00e0 come la navigazione, la pesca e lo sviluppo di impianti di energia rinnovabile in mare. Ciascuna di queste attivit\u00e0 devo considerare la protezione della biodiversit\u00e0 e dell\u2019ambiente marino.    <\/li>\n<\/ul>\n<h3>Scopri maggiori dettagli su queste professioni<\/h3>\n<p>Accedi ai materiali sviluppati col progetto FLORES per scoprire le professioni nelle rinnovabili del mare.<\/p>\n<ul>\n<li><a href=\"https:\/\/www.youtube.com\/playlist?list=PLvRZjZg2ZYyCI8KQbURfxMwfLj6WCSX9x\">See the interview series with people working in the offshore sector<\/a><\/li>\n<li><a href=\"https:\/\/oreskills.eu\/wp-content\/uploads\/2024\/05\/Cards-brochure-EN-online.pdf\">Play the FLORES card game<\/a><\/li>\n<\/ul>\n","protected":false},"excerpt":{"rendered":"<p>ORE profili lavorativi L\u2019attuale economia globale \u00e8 sempre pi\u00f9 interconnessa e le opportunit\u00e0 lavorative nel settore offshore sono diventate significative in diversi ambiti industriali con particolare importanza al settore delle rinnovabili del mare. Le correlate professioni sono spesso localizzate in alto mare e offrono del percorsi ed esperienze lavorative uniche. Con molt\u00e0 probabilit\u00e0, diversi profili &#8230; <a title=\"ORE profili lavorativi\" class=\"read-more\" href=\"https:\/\/oreskills.eu\/it\/ore-profili-lavorativi\/\" aria-label=\"Per saperne di pi\u00f9 su ORE profili lavorativi\">Leggi tutto<\/a><\/p>\n","protected":false},"author":2,"featured_media":0,"parent":0,"menu_order":0,"comment_status":"closed","ping_status":"closed","template":"elementor_header_footer","meta":{"_acf_changed":false,"footnotes":""},"class_list":["post-4715","page","type-page","status-publish"],"acf":[],"_links":{"self":[{"href":"https:\/\/oreskills.eu\/it\/wp-json\/wp\/v2\/pages\/4715","targetHints":{"allow":["GET"]}}],"collection":[{"href":"https:\/\/oreskills.eu\/it\/wp-json\/wp\/v2\/pages"}],"about":[{"href":"https:\/\/oreskills.eu\/it\/wp-json\/wp\/v2\/types\/page"}],"author":[{"embeddable":true,"href":"https:\/\/oreskills.eu\/it\/wp-json\/wp\/v2\/users\/2"}],"replies":[{"embeddable":true,"href":"https:\/\/oreskills.eu\/it\/wp-json\/wp\/v2\/comments?post=4715"}],"version-history":[{"count":0,"href":"https:\/\/oreskills.eu\/it\/wp-json\/wp\/v2\/pages\/4715\/revisions"}],"wp:attachment":[{"href":"https:\/\/oreskills.eu\/it\/wp-json\/wp\/v2\/media?parent=4715"}],"curies":[{"name":"wp","href":"https:\/\/api.w.org\/{rel}","templated":true}]}}