{"id":3007,"date":"2023-03-28T09:00:29","date_gmt":"2023-03-28T07:00:29","guid":{"rendered":"https:\/\/oreskills.eu\/informazioni-su\/presentazione-del-progetto\/"},"modified":"2023-08-29T14:15:44","modified_gmt":"2023-08-29T12:15:44","slug":"presentazione-del-progetto","status":"publish","type":"page","link":"https:\/\/oreskills.eu\/it\/informazioni-su\/presentazione-del-progetto\/","title":{"rendered":"Presentazione del progetto"},"content":{"rendered":"\t\t<div data-elementor-type=\"wp-page\" data-elementor-id=\"3007\" class=\"elementor elementor-3007 elementor-1769\" data-elementor-post-type=\"page\">\n\t\t\t\t\t\t<section class=\"elementor-section elementor-top-section elementor-element elementor-element-4252223 elementor-section-full_width elementor-section-height-min-height elementor-section-height-default elementor-section-items-middle\" data-id=\"4252223\" data-element_type=\"section\" data-settings=\"{&quot;background_background&quot;:&quot;classic&quot;,&quot;jet_parallax_layout_list&quot;:[]}\">\n\t\t\t\t\t\t<div class=\"elementor-container elementor-column-gap-default\">\n\t\t\t\t\t<div class=\"elementor-column elementor-col-100 elementor-top-column elementor-element elementor-element-66b2acfe\" data-id=\"66b2acfe\" data-element_type=\"column\">\n\t\t\t<div class=\"elementor-widget-wrap elementor-element-populated\">\n\t\t\t\t\t\t<div class=\"elementor-element elementor-element-28f93c03 animated-slow elementor-invisible elementor-widget elementor-widget-heading\" data-id=\"28f93c03\" data-element_type=\"widget\" data-settings=\"{&quot;_animation&quot;:&quot;fadeIn&quot;}\" data-widget_type=\"heading.default\">\n\t\t\t\t<div class=\"elementor-widget-container\">\n\t\t\t<h2 class=\"elementor-heading-title elementor-size-default\">Presentazione del progetto<\/h2>\t\t<\/div>\n\t\t\t\t<\/div>\n\t\t\t\t\t<\/div>\n\t\t<\/div>\n\t\t\t\t\t<\/div>\n\t\t<\/section>\n\t\t\t\t<section class=\"elementor-section elementor-top-section elementor-element elementor-element-824718c elementor-section-boxed elementor-section-height-default elementor-section-height-default\" data-id=\"824718c\" data-element_type=\"section\" data-settings=\"{&quot;jet_parallax_layout_list&quot;:[],&quot;background_background&quot;:&quot;classic&quot;}\">\n\t\t\t\t\t\t<div class=\"elementor-container elementor-column-gap-default\">\n\t\t\t\t\t<div class=\"elementor-column elementor-col-100 elementor-top-column elementor-element elementor-element-2e25fed9\" data-id=\"2e25fed9\" data-element_type=\"column\">\n\t\t\t<div class=\"elementor-widget-wrap elementor-element-populated\">\n\t\t\t\t\t\t<div class=\"elementor-element elementor-element-8a5d799 elementor-widget elementor-widget-heading\" data-id=\"8a5d799\" data-element_type=\"widget\" data-widget_type=\"heading.default\">\n\t\t\t\t<div class=\"elementor-widget-container\">\n\t\t\t<h2 class=\"elementor-heading-title elementor-size-default\">FLORES in sintesi<\/h2>\t\t<\/div>\n\t\t\t\t<\/div>\n\t\t\t\t<section class=\"elementor-section elementor-inner-section elementor-element elementor-element-6a45a55a elementor-section-boxed elementor-section-height-default elementor-section-height-default\" data-id=\"6a45a55a\" data-element_type=\"section\" data-settings=\"{&quot;jet_parallax_layout_list&quot;:[]}\">\n\t\t\t\t\t\t<div class=\"elementor-container elementor-column-gap-default\">\n\t\t\t\t\t<div class=\"elementor-column elementor-col-33 elementor-inner-column elementor-element elementor-element-35bc9d03\" data-id=\"35bc9d03\" data-element_type=\"column\">\n\t\t\t<div class=\"elementor-widget-wrap elementor-element-populated\">\n\t\t\t\t\t\t<div class=\"elementor-element elementor-element-5c12a4b elementor-widget elementor-widget-heading\" data-id=\"5c12a4b\" data-element_type=\"widget\" data-widget_type=\"heading.default\">\n\t\t\t\t<div class=\"elementor-widget-container\">\n\t\t\t<h2 class=\"elementor-heading-title elementor-size-default\">PROGRAMMA:<\/h2>\t\t<\/div>\n\t\t\t\t<\/div>\n\t\t\t\t\t<\/div>\n\t\t<\/div>\n\t\t\t\t<div class=\"elementor-column elementor-col-33 elementor-inner-column elementor-element elementor-element-2bd5e551\" data-id=\"2bd5e551\" data-element_type=\"column\">\n\t\t\t<div class=\"elementor-widget-wrap elementor-element-populated\">\n\t\t\t\t\t\t<div class=\"elementor-element elementor-element-58337284 elementor-widget elementor-widget-heading\" data-id=\"58337284\" data-element_type=\"widget\" data-widget_type=\"heading.default\">\n\t\t\t\t<div class=\"elementor-widget-container\">\n\t\t\t<h2 class=\"elementor-heading-title elementor-size-default\">Erasmus+<\/h2>\t\t<\/div>\n\t\t\t\t<\/div>\n\t\t\t\t\t<\/div>\n\t\t<\/div>\n\t\t\t\t<div class=\"elementor-column elementor-col-33 elementor-inner-column elementor-element elementor-element-2eb324cf\" data-id=\"2eb324cf\" data-element_type=\"column\">\n\t\t\t<div class=\"elementor-widget-wrap elementor-element-populated\">\n\t\t\t\t\t\t<div class=\"elementor-element elementor-element-3aae299c elementor-widget elementor-widget-spacer\" data-id=\"3aae299c\" data-element_type=\"widget\" data-widget_type=\"spacer.default\">\n\t\t\t\t<div class=\"elementor-widget-container\">\n\t\t\t\t\t<div class=\"elementor-spacer\">\n\t\t\t<div class=\"elementor-spacer-inner\"><\/div>\n\t\t<\/div>\n\t\t\t\t<\/div>\n\t\t\t\t<\/div>\n\t\t\t\t\t<\/div>\n\t\t<\/div>\n\t\t\t\t\t<\/div>\n\t\t<\/section>\n\t\t\t\t<section class=\"elementor-section elementor-inner-section elementor-element elementor-element-7e546bce elementor-section-boxed elementor-section-height-default elementor-section-height-default\" data-id=\"7e546bce\" data-element_type=\"section\" data-settings=\"{&quot;jet_parallax_layout_list&quot;:[]}\">\n\t\t\t\t\t\t<div class=\"elementor-container elementor-column-gap-default\">\n\t\t\t\t\t<div class=\"elementor-column elementor-col-33 elementor-inner-column elementor-element elementor-element-7cd05411\" data-id=\"7cd05411\" data-element_type=\"column\">\n\t\t\t<div class=\"elementor-widget-wrap elementor-element-populated\">\n\t\t\t\t\t\t<div class=\"elementor-element elementor-element-43972ced elementor-widget elementor-widget-heading\" data-id=\"43972ced\" data-element_type=\"widget\" data-widget_type=\"heading.default\">\n\t\t\t\t<div class=\"elementor-widget-container\">\n\t\t\t<h2 class=\"elementor-heading-title elementor-size-default\">TIPO DI ATTIVIT\u00c0:<\/h2>\t\t<\/div>\n\t\t\t\t<\/div>\n\t\t\t\t\t<\/div>\n\t\t<\/div>\n\t\t\t\t<div class=\"elementor-column elementor-col-33 elementor-inner-column elementor-element elementor-element-147052fa\" data-id=\"147052fa\" data-element_type=\"column\">\n\t\t\t<div class=\"elementor-widget-wrap elementor-element-populated\">\n\t\t\t\t\t\t<div class=\"elementor-element elementor-element-1b8c425b elementor-widget elementor-widget-heading\" data-id=\"1b8c425b\" data-element_type=\"widget\" data-widget_type=\"heading.default\">\n\t\t\t\t<div class=\"elementor-widget-container\">\n\t\t\t<h2 class=\"elementor-heading-title elementor-size-default\">ERASMUS-LS ERASMUS Lump Sum Grants (sovvenzioni forfettarie)<\/h2>\t\t<\/div>\n\t\t\t\t<\/div>\n\t\t\t\t\t<\/div>\n\t\t<\/div>\n\t\t\t\t<div class=\"elementor-column elementor-col-33 elementor-inner-column elementor-element elementor-element-7c9ce277\" data-id=\"7c9ce277\" data-element_type=\"column\">\n\t\t\t<div class=\"elementor-widget-wrap elementor-element-populated\">\n\t\t\t\t\t\t<div class=\"elementor-element elementor-element-dce8ff0 elementor-widget elementor-widget-spacer\" data-id=\"dce8ff0\" data-element_type=\"widget\" data-widget_type=\"spacer.default\">\n\t\t\t\t<div class=\"elementor-widget-container\">\n\t\t\t\t\t<div class=\"elementor-spacer\">\n\t\t\t<div class=\"elementor-spacer-inner\"><\/div>\n\t\t<\/div>\n\t\t\t\t<\/div>\n\t\t\t\t<\/div>\n\t\t\t\t\t<\/div>\n\t\t<\/div>\n\t\t\t\t\t<\/div>\n\t\t<\/section>\n\t\t\t\t<section class=\"elementor-section elementor-inner-section elementor-element elementor-element-6b9c8f6d elementor-section-boxed elementor-section-height-default elementor-section-height-default\" data-id=\"6b9c8f6d\" data-element_type=\"section\" data-settings=\"{&quot;jet_parallax_layout_list&quot;:[]}\">\n\t\t\t\t\t\t<div class=\"elementor-container elementor-column-gap-default\">\n\t\t\t\t\t<div class=\"elementor-column elementor-col-33 elementor-inner-column elementor-element elementor-element-6d62f400\" data-id=\"6d62f400\" data-element_type=\"column\">\n\t\t\t<div class=\"elementor-widget-wrap elementor-element-populated\">\n\t\t\t\t\t\t<div class=\"elementor-element elementor-element-1157276a elementor-widget elementor-widget-heading\" data-id=\"1157276a\" data-element_type=\"widget\" data-widget_type=\"heading.default\">\n\t\t\t\t<div class=\"elementor-widget-container\">\n\t\t\t<h2 class=\"elementor-heading-title elementor-size-default\">BILANCIO TOTALE:<\/h2>\t\t<\/div>\n\t\t\t\t<\/div>\n\t\t\t\t\t<\/div>\n\t\t<\/div>\n\t\t\t\t<div class=\"elementor-column elementor-col-33 elementor-inner-column elementor-element elementor-element-36b749e4\" data-id=\"36b749e4\" data-element_type=\"column\">\n\t\t\t<div class=\"elementor-widget-wrap elementor-element-populated\">\n\t\t\t\t\t\t<div class=\"elementor-element elementor-element-6078eeaa elementor-widget elementor-widget-heading\" data-id=\"6078eeaa\" data-element_type=\"widget\" data-widget_type=\"heading.default\">\n\t\t\t\t<div class=\"elementor-widget-container\">\n\t\t\t<h2 class=\"elementor-heading-title elementor-size-default\">\u20ac700.000<\/h2>\t\t<\/div>\n\t\t\t\t<\/div>\n\t\t\t\t\t<\/div>\n\t\t<\/div>\n\t\t\t\t<div class=\"elementor-column elementor-col-33 elementor-inner-column elementor-element elementor-element-7b1ef5a9\" data-id=\"7b1ef5a9\" data-element_type=\"column\">\n\t\t\t<div class=\"elementor-widget-wrap elementor-element-populated\">\n\t\t\t\t\t\t<div class=\"elementor-element elementor-element-60e2c718 elementor-widget elementor-widget-spacer\" data-id=\"60e2c718\" data-element_type=\"widget\" data-widget_type=\"spacer.default\">\n\t\t\t\t<div class=\"elementor-widget-container\">\n\t\t\t\t\t<div class=\"elementor-spacer\">\n\t\t\t<div class=\"elementor-spacer-inner\"><\/div>\n\t\t<\/div>\n\t\t\t\t<\/div>\n\t\t\t\t<\/div>\n\t\t\t\t\t<\/div>\n\t\t<\/div>\n\t\t\t\t\t<\/div>\n\t\t<\/section>\n\t\t\t\t<section class=\"elementor-section elementor-inner-section elementor-element elementor-element-75ac96f7 elementor-section-boxed elementor-section-height-default elementor-section-height-default\" data-id=\"75ac96f7\" data-element_type=\"section\" data-settings=\"{&quot;jet_parallax_layout_list&quot;:[]}\">\n\t\t\t\t\t\t<div class=\"elementor-container elementor-column-gap-default\">\n\t\t\t\t\t<div class=\"elementor-column elementor-col-33 elementor-inner-column elementor-element elementor-element-6aada53d\" data-id=\"6aada53d\" data-element_type=\"column\">\n\t\t\t<div class=\"elementor-widget-wrap elementor-element-populated\">\n\t\t\t\t\t\t<div class=\"elementor-element elementor-element-4adc32b elementor-widget elementor-widget-heading\" data-id=\"4adc32b\" data-element_type=\"widget\" data-widget_type=\"heading.default\">\n\t\t\t\t<div class=\"elementor-widget-container\">\n\t\t\t<h2 class=\"elementor-heading-title elementor-size-default\">DURATA:<\/h2>\t\t<\/div>\n\t\t\t\t<\/div>\n\t\t\t\t\t<\/div>\n\t\t<\/div>\n\t\t\t\t<div class=\"elementor-column elementor-col-33 elementor-inner-column elementor-element elementor-element-361361fa\" data-id=\"361361fa\" data-element_type=\"column\">\n\t\t\t<div class=\"elementor-widget-wrap elementor-element-populated\">\n\t\t\t\t\t\t<div class=\"elementor-element elementor-element-2e6b9035 elementor-widget elementor-widget-heading\" data-id=\"2e6b9035\" data-element_type=\"widget\" data-widget_type=\"heading.default\">\n\t\t\t\t<div class=\"elementor-widget-container\">\n\t\t\t<h2 class=\"elementor-heading-title elementor-size-default\">Gennaio 2023 \u2013 Dicembre 2024 (24 mesi)<\/h2>\t\t<\/div>\n\t\t\t\t<\/div>\n\t\t\t\t\t<\/div>\n\t\t<\/div>\n\t\t\t\t<div class=\"elementor-column elementor-col-33 elementor-inner-column elementor-element elementor-element-73357893\" data-id=\"73357893\" data-element_type=\"column\">\n\t\t\t<div class=\"elementor-widget-wrap elementor-element-populated\">\n\t\t\t\t\t\t<div class=\"elementor-element elementor-element-34bda222 elementor-widget elementor-widget-spacer\" data-id=\"34bda222\" data-element_type=\"widget\" data-widget_type=\"spacer.default\">\n\t\t\t\t<div class=\"elementor-widget-container\">\n\t\t\t\t\t<div class=\"elementor-spacer\">\n\t\t\t<div class=\"elementor-spacer-inner\"><\/div>\n\t\t<\/div>\n\t\t\t\t<\/div>\n\t\t\t\t<\/div>\n\t\t\t\t\t<\/div>\n\t\t<\/div>\n\t\t\t\t\t<\/div>\n\t\t<\/section>\n\t\t\t\t<section class=\"elementor-section elementor-inner-section elementor-element elementor-element-638caa67 elementor-section-boxed elementor-section-height-default elementor-section-height-default\" data-id=\"638caa67\" data-element_type=\"section\" data-settings=\"{&quot;jet_parallax_layout_list&quot;:[]}\">\n\t\t\t\t\t\t<div class=\"elementor-container elementor-column-gap-default\">\n\t\t\t\t\t<div class=\"elementor-column elementor-col-33 elementor-inner-column elementor-element elementor-element-427cfbdd\" data-id=\"427cfbdd\" data-element_type=\"column\">\n\t\t\t<div class=\"elementor-widget-wrap elementor-element-populated\">\n\t\t\t\t\t\t<div class=\"elementor-element elementor-element-679a568a elementor-widget elementor-widget-heading\" data-id=\"679a568a\" data-element_type=\"widget\" data-widget_type=\"heading.default\">\n\t\t\t\t<div class=\"elementor-widget-container\">\n\t\t\t<h2 class=\"elementor-heading-title elementor-size-default\">COORDINATORE:<\/h2>\t\t<\/div>\n\t\t\t\t<\/div>\n\t\t\t\t\t<\/div>\n\t\t<\/div>\n\t\t\t\t<div class=\"elementor-column elementor-col-33 elementor-inner-column elementor-element elementor-element-3bf20791\" data-id=\"3bf20791\" data-element_type=\"column\">\n\t\t\t<div class=\"elementor-widget-wrap elementor-element-populated\">\n\t\t\t\t\t\t<div class=\"elementor-element elementor-element-145503ec elementor-widget elementor-widget-heading\" data-id=\"145503ec\" data-element_type=\"widget\" data-widget_type=\"heading.default\">\n\t\t\t\t<div class=\"elementor-widget-container\">\n\t\t\t<h2 class=\"elementor-heading-title elementor-size-default\">Centro Tecnol\u00f3gico del Mar (Fundaci\u00f3n CETMAR), Spagna<\/h2>\t\t<\/div>\n\t\t\t\t<\/div>\n\t\t\t\t\t<\/div>\n\t\t<\/div>\n\t\t\t\t<div class=\"elementor-column elementor-col-33 elementor-inner-column elementor-element elementor-element-2825b40\" data-id=\"2825b40\" data-element_type=\"column\">\n\t\t\t<div class=\"elementor-widget-wrap elementor-element-populated\">\n\t\t\t\t\t\t<div class=\"elementor-element elementor-element-5ccce119 elementor-widget elementor-widget-spacer\" data-id=\"5ccce119\" data-element_type=\"widget\" data-widget_type=\"spacer.default\">\n\t\t\t\t<div class=\"elementor-widget-container\">\n\t\t\t\t\t<div class=\"elementor-spacer\">\n\t\t\t<div class=\"elementor-spacer-inner\"><\/div>\n\t\t<\/div>\n\t\t\t\t<\/div>\n\t\t\t\t<\/div>\n\t\t\t\t\t<\/div>\n\t\t<\/div>\n\t\t\t\t\t<\/div>\n\t\t<\/section>\n\t\t\t\t<section class=\"elementor-section elementor-inner-section elementor-element elementor-element-4c2dffd3 elementor-section-boxed elementor-section-height-default elementor-section-height-default\" data-id=\"4c2dffd3\" data-element_type=\"section\" data-settings=\"{&quot;jet_parallax_layout_list&quot;:[]}\">\n\t\t\t\t\t\t<div class=\"elementor-container elementor-column-gap-default\">\n\t\t\t\t\t<div class=\"elementor-column elementor-col-33 elementor-inner-column elementor-element elementor-element-74a7caa4\" data-id=\"74a7caa4\" data-element_type=\"column\">\n\t\t\t<div class=\"elementor-widget-wrap elementor-element-populated\">\n\t\t\t\t\t\t<div class=\"elementor-element elementor-element-c58f91c elementor-widget elementor-widget-heading\" data-id=\"c58f91c\" data-element_type=\"widget\" data-widget_type=\"heading.default\">\n\t\t\t\t<div class=\"elementor-widget-container\">\n\t\t\t<h2 class=\"elementor-heading-title elementor-size-default\">CONSORZIO:<\/h2>\t\t<\/div>\n\t\t\t\t<\/div>\n\t\t\t\t\t<\/div>\n\t\t<\/div>\n\t\t\t\t<div class=\"elementor-column elementor-col-33 elementor-inner-column elementor-element elementor-element-679c522a\" data-id=\"679c522a\" data-element_type=\"column\">\n\t\t\t<div class=\"elementor-widget-wrap elementor-element-populated\">\n\t\t\t\t\t\t<div class=\"elementor-element elementor-element-75dd5e84 elementor-widget elementor-widget-heading\" data-id=\"75dd5e84\" data-element_type=\"widget\" data-widget_type=\"heading.default\">\n\t\t\t\t<div class=\"elementor-widget-container\">\n\t\t\t<h2 class=\"elementor-heading-title elementor-size-default\">15 partner provenienti da 8 paesi<\/h2>\t\t<\/div>\n\t\t\t\t<\/div>\n\t\t\t\t\t<\/div>\n\t\t<\/div>\n\t\t\t\t<div class=\"elementor-column elementor-col-33 elementor-inner-column elementor-element elementor-element-2fb7a46c\" data-id=\"2fb7a46c\" data-element_type=\"column\">\n\t\t\t<div class=\"elementor-widget-wrap elementor-element-populated\">\n\t\t\t\t\t\t<div class=\"elementor-element elementor-element-7a4e657c elementor-widget elementor-widget-spacer\" data-id=\"7a4e657c\" data-element_type=\"widget\" data-widget_type=\"spacer.default\">\n\t\t\t\t<div class=\"elementor-widget-container\">\n\t\t\t\t\t<div class=\"elementor-spacer\">\n\t\t\t<div class=\"elementor-spacer-inner\"><\/div>\n\t\t<\/div>\n\t\t\t\t<\/div>\n\t\t\t\t<\/div>\n\t\t\t\t\t<\/div>\n\t\t<\/div>\n\t\t\t\t\t<\/div>\n\t\t<\/section>\n\t\t\t\t<div class=\"elementor-element elementor-element-5f6ba6de elementor-widget elementor-widget-heading\" data-id=\"5f6ba6de\" data-element_type=\"widget\" data-widget_type=\"heading.default\">\n\t\t\t\t<div class=\"elementor-widget-container\">\n\t\t\t<h2 class=\"elementor-heading-title elementor-size-default\">Obiettivi<\/h2>\t\t<\/div>\n\t\t\t\t<\/div>\n\t\t\t\t<div class=\"elementor-element elementor-element-34efde26 elementor-widget elementor-widget-text-editor\" data-id=\"34efde26\" data-element_type=\"widget\" data-widget_type=\"text-editor.default\">\n\t\t\t\t<div class=\"elementor-widget-container\">\n\t\t\t\t\t\t\t<p>Forward Looking at the Offshore Renewables (FLORES &#8211; Uno sguardo al futuro delle energie rinnovabili offshore) promuover\u00e0 le attivit\u00e0 principali del partenariato su larga scala che avvia il patto per le competenze nel settore delle energie rinnovabili offshore.<\/p>\n<p>FLORES sosterr\u00e0gli attori pi\u00f9 impegnati nel settore delle energie rinnovabili offshore, contribuendo al successo dell&#8217;iniziativa mediante la promozione di offerte formative dedicate. Il partenariato \u00e8 volto a promuovere la formazione professionale necessaria ai nuovi posti di lavoro per il settore, che si stima saranno tra i 20.000 e i 54.000 nell&#8217;arco dei prossimi cinque anni, e contribuiranno al miglioramento del livello delle competenze dell&#8217;attuale forza lavoro nel settore delle energie rinnovabili offshore.<\/p>\n<p>Le attivit\u00e0 di analisi del fabbisogno di competenze consentiranno di identificare e dare priorit\u00e0 agli interventi pi\u00f9 pertinenti nel processo di sviluppo delle competenze, in grado di affrontare i rapidi e complessi cambiamenti che si verificano in questo ecosistema industriale, ma anche di prevedere i cambiamenti futuri, specie quelli relativi alle tecnologie nuove ed emergenti. Basandosi sulle conoscenze del settore, saranno riesaminati i profili professionali della catena del valore dell\u2019energia rinnovabile offshore, in modo da garantire l&#8217;aggiornamento continuo del database delle ESCO. Building on industry insights, the occupational profiles of the offshore renewable energy value chain will be reviewed, contributing to the continuous updating of the <a href=\"https:\/\/esco.ec.europa.eu\/en%20over%20ESCO\" target=\"_blank\" rel=\"noopener\">ESCO database<\/a>.<\/p>\n<p>Gli approcci innovativi di FLORES che promuovono l&#8217;apprendimento permanente incentiveranno i processi di riqualificazione e aggiornamento professionale necessari, grazie allo sviluppo di strumenti specifici a supporto delle offerte formative esistenti nel settore delle energie rinnovabili offshore e alla possibilit\u00e0 di accedere facilmente ai materiali di formazione esistenti.<\/p>\n<p>Sono previsti una serie di materiali didattici multilingue finalizzati a promuovere l&#8217;alfabetizzazione oceanica e la conoscenza delle opportunit\u00e0 di carriera e professionali nel settore europeo delle energie rinnovabili offshore, rendendole pi\u00f9 attraenti, soprattutto per i giovani e per le donne.<\/p>\n<p>Inoltre, l&#8217;approccio bottom-up scelto da FLORES prevede esperienze pilota a livello regionale, che si adattano alle diverse esigenze dei bacini marini europei nell&#8217;Atlantico, nel Baltico e nel Mediterraneo. Queste esperienze pilota serviranno come base per i futuri gruppi specchio di lavoro nell\u2019ambito del partenariato su larga scala che avvia il patto per le competenze nel settore delle energie rinnovabili offshore. <\/p>\n\t\t\t\t\t\t<\/div>\n\t\t\t\t<\/div>\n\t\t\t\t\t<\/div>\n\t\t<\/div>\n\t\t\t\t\t<\/div>\n\t\t<\/section>\n\t\t\t\t<\/div>\n\t\t","protected":false},"excerpt":{"rendered":"<p>Presentazione del progetto FLORES in sintesi PROGRAMMA: Erasmus+ TIPO DI ATTIVIT\u00c0: ERASMUS-LS ERASMUS Lump Sum Grants (sovvenzioni forfettarie) BILANCIO TOTALE: \u20ac700.000 DURATA: Gennaio 2023 \u2013 Dicembre 2024 (24 mesi) COORDINATORE: Centro Tecnol\u00f3gico del Mar (Fundaci\u00f3n CETMAR), Spagna CONSORZIO: 15 partner provenienti da 8 paesi Obiettivi Forward Looking at the Offshore Renewables (FLORES &#8211; Uno sguardo &#8230; <a title=\"Presentazione del progetto\" class=\"read-more\" href=\"https:\/\/oreskills.eu\/it\/informazioni-su\/presentazione-del-progetto\/\" aria-label=\"Per saperne di pi\u00f9 su Presentazione del progetto\">Leggi tutto<\/a><\/p>\n","protected":false},"author":1,"featured_media":0,"parent":2985,"menu_order":0,"comment_status":"closed","ping_status":"closed","template":"elementor_header_footer","meta":{"_acf_changed":false,"footnotes":""},"class_list":["post-3007","page","type-page","status-publish"],"acf":[],"_links":{"self":[{"href":"https:\/\/oreskills.eu\/it\/wp-json\/wp\/v2\/pages\/3007","targetHints":{"allow":["GET"]}}],"collection":[{"href":"https:\/\/oreskills.eu\/it\/wp-json\/wp\/v2\/pages"}],"about":[{"href":"https:\/\/oreskills.eu\/it\/wp-json\/wp\/v2\/types\/page"}],"author":[{"embeddable":true,"href":"https:\/\/oreskills.eu\/it\/wp-json\/wp\/v2\/users\/1"}],"replies":[{"embeddable":true,"href":"https:\/\/oreskills.eu\/it\/wp-json\/wp\/v2\/comments?post=3007"}],"version-history":[{"count":0,"href":"https:\/\/oreskills.eu\/it\/wp-json\/wp\/v2\/pages\/3007\/revisions"}],"up":[{"embeddable":true,"href":"https:\/\/oreskills.eu\/it\/wp-json\/wp\/v2\/pages\/2985"}],"wp:attachment":[{"href":"https:\/\/oreskills.eu\/it\/wp-json\/wp\/v2\/media?parent=3007"}],"curies":[{"name":"wp","href":"https:\/\/api.w.org\/{rel}","templated":true}]}}