{"id":4713,"date":"2024-11-07T10:46:27","date_gmt":"2024-11-07T09:46:27","guid":{"rendered":"https:\/\/oreskills.eu\/profils-des-emplois-ore\/"},"modified":"2024-11-07T11:19:47","modified_gmt":"2024-11-07T10:19:47","slug":"profils-des-emplois-ore","status":"publish","type":"page","link":"https:\/\/oreskills.eu\/fr\/profils-des-emplois-ore\/","title":{"rendered":"Profils des emplois ORE"},"content":{"rendered":"<style>\/*! elementor - v3.23.0 - 05-08-2024 *\/\n.elementor-heading-title{padding:0;margin:0;line-height:1}.elementor-widget-heading .elementor-heading-title[class*=elementor-size-]>a{color:inherit;font-size:inherit;line-height:inherit}.elementor-widget-heading .elementor-heading-title.elementor-size-small{font-size:15px}.elementor-widget-heading .elementor-heading-title.elementor-size-medium{font-size:19px}.elementor-widget-heading .elementor-heading-title.elementor-size-large{font-size:29px}.elementor-widget-heading .elementor-heading-title.elementor-size-xl{font-size:39px}.elementor-widget-heading .elementor-heading-title.elementor-size-xxl{font-size:59px}<\/style>\n<h3>Les profils des emplois li\u00e9s aux \u00e9nergies renouvelables en mer<\/h3>\n<p>Dans l&rsquo;\u00e9conomie mondiale actuelle, de plus en plus interconnect\u00e9e, les opportunit\u00e9s d&#8217;emploi rev\u00eatent une importance particuli\u00e8re pour de nombreuses industries, notamment dans le secteur des \u00e9nergies renouvelables offshore. Les postes en mer sont souvent situ\u00e9s dans des zones \u00e9loign\u00e9es ou \u00e0 l&rsquo;\u00e9tranger, offrant des trajectoires professionnelles et des exp\u00e9riences de travail uniques. <\/p>\n<p>Ce secteur offre une multitude de profils professionnels que vous ne connaissez peut-\u00eatre pas encore. Cependant, il est ouvert \u00e0 tous, quel que soit le genre, l&rsquo;\u00e2ge ou l&rsquo;origine ethnique. <\/p>\n<p>Les supports de sensibilisation aux carri\u00e8res maritimes du projet FLORES mettent en avant une diversit\u00e9 de m\u00e9tiers passionnants, parfois atypiques, qui jouent un r\u00f4le essentiel dans le d\u00e9veloppement des \u00e9nergies renouvelables en mer. Ces professions couvrent toutes les \u00e9tapes du cycle de vie des projets d&rsquo;\u00e9nergie marine. Certains m\u00e9tiers s\u2019exercent en mer comme celui de plongeur, tandis que d&rsquo;autres sont bas\u00e9es \u00e0 terre, notamment ceux li\u00e9s \u00e0 l&rsquo;installation d&rsquo;infrastructures. Certains postes, comme celui de biologiste marin, n\u00e9cessitent un travail en bureau ou en laboratoire, tandis que d&rsquo;autres, tels que responsable de l&rsquo;installation des c\u00e2bles, combinent travail en mer et \u00e0 terre.    <\/p>\n<h3>Quelques exemples d\u2019emplois dans le domaine des \u00e9nergies renouvelables en mer<\/h3>\n<ul>\n<li>Responsable de la surveillance num\u00e9rique : Un gestionnaire de surveillance num\u00e9rique con\u00e7oit des logiciels sp\u00e9cifiques pour ses clients qui op\u00e8rent en mer. Ces logiciels permettent aux op\u00e9rateurs de superviser un parc \u00e9olien ou toute autre infrastructure en mer n\u00e9cessitant une surveillance, mais ils peuvent \u00e9galement \u00eatre utilis\u00e9s pour suivre les personnes travaillant en mer afin d&rsquo;assurer leur s\u00e9curit\u00e9, ou pour fournir un r\u00e9seau 5G \u00e0 l&rsquo;ensemble du parc \u00e9olien. <\/li>\n<li>Responsable de l&rsquo;installation des c\u00e2bles : Gr\u00e2ce \u00e0 ses connaissances en ing\u00e9nierie, le responsable de l&rsquo;installation des c\u00e2bles est charg\u00e9 de la conception, de l&rsquo;achat et de l&rsquo;installation des c\u00e2bles sous-marins qui relient les \u00e9oliennes \u00e0 la sous-station en mer. Il surveille l&rsquo;avancement du cycle de vie des c\u00e2bles lorsqu&rsquo;ils sont en phase de production, en visitant l&rsquo;usine de c\u00e2bles et en v\u00e9rifiant la qualit\u00e9 des c\u00e2bles. Pendant l&rsquo;installation des c\u00e2bles, il se rend en mer pour superviser les activit\u00e9s.  <\/li>\n<li>Biologiste marin : Le biologiste marin \u00e9tudie la vie marine, la fa\u00e7on dont les organismes marins interagissent entre eux, mais aussi la fa\u00e7on dont les \u00eatres humains interagissent avec la nature. Les \u00e9nergies renouvelables en mer s&rsquo;accompagnent de la construction d&rsquo;infrastructures en mer, ce qui signifie qu&rsquo;il y aura un impact sur l&rsquo;environnement marin. C&rsquo;est pourquoi les biologistes marins sont impliqu\u00e9s d\u00e8s le d\u00e9but d&rsquo;un projet en mer afin d&rsquo;\u00e9tudier l&rsquo;\u00e9tendue de cet impact, qu&rsquo;il soit n\u00e9gatif (par exemple le bruit sous-marin produit pendant la construction) ou positif (par exemple la cr\u00e9ation d&rsquo;un nouvel habitat ou d&rsquo;un abri pour les esp\u00e8ces marines).  <\/li>\n<li>Plongeur : Un plongeur est un constructeur, un ouvrier qui effectue le travail sous l&rsquo;eau. Comme pour les constructions \u00e0 terre, les projets en mer n\u00e9cessitent des travaux r\u00e9guliers tels que le soudage, l&rsquo;installation ou la r\u00e9paration de c\u00e2bles, mais sous l&rsquo;eau. Les plongeurs sont form\u00e9s pour effectuer tous ces travaux sous la surface.  <\/li>\n<li>Expert en planification de l&rsquo;espace maritime : avant de lancer un projet en mer, des \u00e9tudes pr\u00e9alables sont men\u00e9es pour identifier les zones o\u00f9 il peut \u00eatre d\u00e9velopp\u00e9 sans nuire aux citoyens, \u00e0 la nature, ni \u00e0 la faune et la flore. Cela exige une planification rigoureuse. C&rsquo;est le r\u00f4le de l&rsquo;expert en planification de l&rsquo;espace maritime, qui collabore souvent avec les gouvernements pour cartographier les zones maritimes et \u00e9laborer des plans d&rsquo;am\u00e9nagement. Ces plans visent \u00e0 optimiser les diff\u00e9rentes activit\u00e9s maritimes, comme la navigation sur les routes maritimes, la p\u00eache ou encore l&rsquo;installation d&rsquo;infrastructures d&rsquo;\u00e9nergies renouvelables, tout en garantissant la protection de la biodiversit\u00e9 et de l&rsquo;environnement marin.    <\/li>\n<\/ul>\n<h3>Apprenez-en plus \u00e0 propos de ces emplois:<\/h3>\n<p>Consultez les documents \u00e9labor\u00e9s dans le cadre du projet FLORES pour en savoir plus sur les emplois dans le domaine des \u00e9nergies renouvelables en mer.<\/p>\n<ul>\n<li><a href=\"https:\/\/www.youtube.com\/playlist?list=PLvRZjZg2ZYyCI8KQbURfxMwfLj6WCSX9x\">See the interview series with people working in the offshore sector<\/a><\/li>\n<li><a href=\"https:\/\/oreskills.eu\/wp-content\/uploads\/2024\/05\/Cards-brochure-EN-online.pdf\">Play the FLORES card game<\/a><\/li>\n<\/ul>\n","protected":false},"excerpt":{"rendered":"<p>Les profils des emplois li\u00e9s aux \u00e9nergies renouvelables en mer Dans l&rsquo;\u00e9conomie mondiale actuelle, de plus en plus interconnect\u00e9e, les opportunit\u00e9s d&#8217;emploi rev\u00eatent une importance particuli\u00e8re pour de nombreuses industries, notamment dans le secteur des \u00e9nergies renouvelables offshore. Les postes en mer sont souvent situ\u00e9s dans des zones \u00e9loign\u00e9es ou \u00e0 l&rsquo;\u00e9tranger, offrant des trajectoires &#8230; <a title=\"Profils des emplois ORE\" class=\"read-more\" href=\"https:\/\/oreskills.eu\/fr\/profils-des-emplois-ore\/\" aria-label=\"En savoir plus sur Profils des emplois ORE\">Lire la suite<\/a><\/p>\n","protected":false},"author":2,"featured_media":0,"parent":0,"menu_order":0,"comment_status":"closed","ping_status":"closed","template":"elementor_header_footer","meta":{"_acf_changed":false,"footnotes":""},"class_list":["post-4713","page","type-page","status-publish"],"acf":[],"_links":{"self":[{"href":"https:\/\/oreskills.eu\/fr\/wp-json\/wp\/v2\/pages\/4713","targetHints":{"allow":["GET"]}}],"collection":[{"href":"https:\/\/oreskills.eu\/fr\/wp-json\/wp\/v2\/pages"}],"about":[{"href":"https:\/\/oreskills.eu\/fr\/wp-json\/wp\/v2\/types\/page"}],"author":[{"embeddable":true,"href":"https:\/\/oreskills.eu\/fr\/wp-json\/wp\/v2\/users\/2"}],"replies":[{"embeddable":true,"href":"https:\/\/oreskills.eu\/fr\/wp-json\/wp\/v2\/comments?post=4713"}],"version-history":[{"count":0,"href":"https:\/\/oreskills.eu\/fr\/wp-json\/wp\/v2\/pages\/4713\/revisions"}],"wp:attachment":[{"href":"https:\/\/oreskills.eu\/fr\/wp-json\/wp\/v2\/media?parent=4713"}],"curies":[{"name":"wp","href":"https:\/\/api.w.org\/{rel}","templated":true}]}}