{"id":3036,"date":"2023-03-17T20:06:08","date_gmt":"2023-03-17T19:06:08","guid":{"rendered":"https:\/\/oreskills.eu\/observatoire\/"},"modified":"2025-08-19T12:04:31","modified_gmt":"2025-08-19T10:04:31","slug":"observatoire","status":"publish","type":"page","link":"https:\/\/oreskills.eu\/fr\/observatoire\/","title":{"rendered":"Observatoire"},"content":{"rendered":"\t\t<div data-elementor-type=\"wp-page\" data-elementor-id=\"3036\" class=\"elementor elementor-3036 elementor-502\" data-elementor-post-type=\"page\">\n\t\t\t\t\t\t<section class=\"elementor-section elementor-top-section elementor-element elementor-element-9f2939d elementor-section-full_width elementor-section-height-min-height elementor-section-height-default elementor-section-items-middle\" data-id=\"9f2939d\" data-element_type=\"section\" data-settings=\"{&quot;background_background&quot;:&quot;classic&quot;,&quot;jet_parallax_layout_list&quot;:[]}\">\n\t\t\t\t\t\t<div class=\"elementor-container elementor-column-gap-default\">\n\t\t\t\t\t<div class=\"elementor-column elementor-col-100 elementor-top-column elementor-element elementor-element-eb6e741\" data-id=\"eb6e741\" data-element_type=\"column\">\n\t\t\t<div class=\"elementor-widget-wrap elementor-element-populated\">\n\t\t\t\t\t\t<div class=\"elementor-element elementor-element-5d4d659 animated-slow elementor-invisible elementor-widget elementor-widget-heading\" data-id=\"5d4d659\" data-element_type=\"widget\" data-settings=\"{&quot;_animation&quot;:&quot;fadeIn&quot;}\" data-widget_type=\"heading.default\">\n\t\t\t\t<div class=\"elementor-widget-container\">\n\t\t\t<h2 class=\"elementor-heading-title elementor-size-default\">OBSERVATOIRE<\/h2>\t\t<\/div>\n\t\t\t\t<\/div>\n\t\t\t\t\t<\/div>\n\t\t<\/div>\n\t\t\t\t\t<\/div>\n\t\t<\/section>\n\t\t\t\t<section class=\"elementor-section elementor-top-section elementor-element elementor-element-a2f79a3 elementor-section-boxed elementor-section-height-default elementor-section-height-default\" data-id=\"a2f79a3\" data-element_type=\"section\" data-settings=\"{&quot;jet_parallax_layout_list&quot;:[]}\">\n\t\t\t\t\t\t<div class=\"elementor-container elementor-column-gap-default\">\n\t\t\t\t\t<div class=\"elementor-column elementor-col-100 elementor-top-column elementor-element elementor-element-11a5acb\" data-id=\"11a5acb\" data-element_type=\"column\">\n\t\t\t<div class=\"elementor-widget-wrap elementor-element-populated\">\n\t\t\t\t\t\t<div class=\"elementor-element elementor-element-a82c34c animated-slow elementor-invisible elementor-widget elementor-widget-text-editor\" data-id=\"a82c34c\" data-element_type=\"widget\" data-settings=\"{&quot;_animation&quot;:&quot;fadeIn&quot;}\" data-widget_type=\"text-editor.default\">\n\t\t\t\t<div class=\"elementor-widget-container\">\n\t\t\t\t\t\t\t<p>Le <strong>secteur des \u00e9nergies marines renouvelables est en plein essor.<\/strong> Il devrait cr\u00e9er entre <strong>20 000 et 54 000 nouveaux emplois au cours des cinq prochaines ann\u00e9es.<\/strong> Toutefois, pour atteindre un chiffre aussi prometteur, nous devons nous assurer que les possibilit\u00e9s de formation offertes en Europe correspondent r\u00e9ellement aux besoins actuels et futurs du secteur.  <\/p>\n<p>Afin d\u2019analyser ces tendances, <strong>l\u2019Observatoire FLORES<\/strong> cartographie l\u2019offre de formation existante dans l\u2019UE et pr\u00e9voit les tendances \u00e0 venir dans le secteur ainsi que leur impact sur les besoins en effectif.<\/p>\n\t\t\t\t\t\t<\/div>\n\t\t\t\t<\/div>\n\t\t\t\t\t<\/div>\n\t\t<\/div>\n\t\t\t\t\t<\/div>\n\t\t<\/section>\n\t\t\t\t<section class=\"elementor-section elementor-top-section elementor-element elementor-element-5e5d5e0 elementor-section-boxed elementor-section-height-default elementor-section-height-default\" data-id=\"5e5d5e0\" data-element_type=\"section\" data-settings=\"{&quot;jet_parallax_layout_list&quot;:[],&quot;background_background&quot;:&quot;classic&quot;}\">\n\t\t\t\t\t\t<div class=\"elementor-container elementor-column-gap-default\">\n\t\t\t\t\t<div class=\"elementor-column elementor-col-100 elementor-top-column elementor-element elementor-element-10ea459\" data-id=\"10ea459\" data-element_type=\"column\">\n\t\t\t<div class=\"elementor-widget-wrap elementor-element-populated\">\n\t\t\t\t\t\t<div class=\"elementor-element elementor-element-f159a2d elementor-widget elementor-widget-heading\" data-id=\"f159a2d\" data-element_type=\"widget\" data-widget_type=\"heading.default\">\n\t\t\t\t<div class=\"elementor-widget-container\">\n\t\t\t<h2 class=\"elementor-heading-title elementor-size-default\">Consultez ici tous nos rapports et lignes directrices les plus r\u00e9cents<\/h2>\t\t<\/div>\n\t\t\t\t<\/div>\n\t\t\t\t\t<\/div>\n\t\t<\/div>\n\t\t\t\t\t<\/div>\n\t\t<\/section>\n\t\t\t\t<section class=\"elementor-section elementor-top-section elementor-element elementor-element-bc3a9b0 elementor-section-boxed elementor-section-height-default elementor-section-height-default\" data-id=\"bc3a9b0\" data-element_type=\"section\" data-settings=\"{&quot;jet_parallax_layout_list&quot;:[],&quot;background_background&quot;:&quot;classic&quot;}\">\n\t\t\t\t\t\t<div class=\"elementor-container elementor-column-gap-default\">\n\t\t\t\t\t<div class=\"elementor-column elementor-col-50 elementor-top-column elementor-element elementor-element-9854c69\" data-id=\"9854c69\" data-element_type=\"column\" data-settings=\"{&quot;background_background&quot;:&quot;classic&quot;}\">\n\t\t\t<div class=\"elementor-widget-wrap elementor-element-populated\">\n\t\t\t\t\t\t<div class=\"elementor-element elementor-element-0cc8644 icon-circle animated-fast elementor-view-default elementor-invisible elementor-widget elementor-widget-icon\" data-id=\"0cc8644\" data-element_type=\"widget\" data-settings=\"{&quot;_animation&quot;:&quot;zoomIn&quot;}\" data-widget_type=\"icon.default\">\n\t\t\t\t<div class=\"elementor-widget-container\">\n\t\t\t\t\t<div class=\"elementor-icon-wrapper\">\n\t\t\t<div class=\"elementor-icon\">\n\t\t\t<svg xmlns=\"http:\/\/www.w3.org\/2000\/svg\" xmlns:xlink=\"http:\/\/www.w3.org\/1999\/xlink\" id=\"Capa_1\" x=\"0px\" y=\"0px\" viewBox=\"0 0 512 512\" style=\"enable-background:new 0 0 512 512;\" xml:space=\"preserve\" width=\"512\" height=\"512\"><g>\t<path d=\"M414,28.055h-56.325C342.812,10.889,320.908,0,296.5,0h-81c-24.408,0-46.312,10.889-61.175,28.055H98   c-24.813,0-45,20.227-45,45.088v393.769C53,491.773,73.187,512,98,512h316c24.813,0,45-20.227,45-45.088V73.143   C459,48.281,438.813,28.055,414,28.055z M215.5,30.059h81c23.177,0,42.425,15.515,48.75,36.07H166.75   C173.064,45.61,192.287,30.059,215.5,30.059z M429,466.912c0,8.287-6.729,15.029-15,15.029H98c-8.271,0-15-6.742-15-15.029V73.143   c0-8.287,6.729-15.029,15-15.029h39.846c-2.165,7.31-3.346,15.04-3.346,23.045c0,8.3,6.716,15.029,15,15.029h213   c8.284,0,15-6.729,15-15.029c0-8.005-1.181-15.735-3.346-23.045H414c8.271,0,15,6.742,15,15.029V466.912z\"><\/path>\t<path d=\"M182.06,298.644L160,320.746l-5.394-5.404c-5.857-5.87-15.355-5.87-21.213,0c-5.858,5.869-5.858,15.385,0,21.254l16,16.031   c5.857,5.869,15.355,5.87,21.213,0l32.666-32.73c5.858-5.869,5.858-15.385,0-21.254   C197.415,292.774,187.917,292.774,182.06,298.644z\"><\/path>\t<path d=\"M367,310.607H246c-8.284,0-15,6.729-15,15.029c0,8.3,6.716,15.029,15,15.029h121c8.284,0,15-6.729,15-15.029   C382,317.336,375.284,310.607,367,310.607z\"><\/path>\t<path d=\"M182.06,384.812L160,406.914l-5.394-5.404c-5.857-5.87-15.355-5.87-21.213,0c-5.858,5.869-5.858,15.385,0,21.254l16,16.031   c5.857,5.869,15.355,5.87,21.213,0l32.666-32.73c5.858-5.869,5.858-15.385,0-21.254   C197.415,378.942,187.917,378.942,182.06,384.812z\"><\/path>\t<path d=\"M367,396.775H246c-8.284,0-15,6.729-15,15.029c0,8.3,6.716,15.029,15,15.029h121c8.284,0,15-6.729,15-15.029   C382,403.504,375.284,396.775,367,396.775z\"><\/path>\t<path d=\"M284.606,241.077L331,194.593v1.791c0,8.3,6.716,15.029,15,15.029s15-6.729,15-15.029c0-42.513,0.07-38.555-0.172-40.234   c-1.061-7.353-7.353-12.872-14.833-12.87H308c-8.284,0-15,6.729-15,15.029c0,8.3,6.716,15.029,15,15.029h1.787L274,209.195   l-45.394-45.482c-5.857-5.87-15.355-5.87-21.213,0l-54,54.106c-5.858,5.869-5.858,15.385,0,21.254c5.857,5.87,15.355,5.87,21.213,0   L218,195.595l45.394,45.482C269.25,246.946,278.749,246.947,284.606,241.077z\"><\/path><\/g><\/svg>\t\t\t<\/div>\n\t\t<\/div>\n\t\t\t\t<\/div>\n\t\t\t\t<\/div>\n\t\t\t\t<div class=\"elementor-element elementor-element-367f885 elementor-widget elementor-widget-heading\" data-id=\"367f885\" data-element_type=\"widget\" data-widget_type=\"heading.default\">\n\t\t\t\t<div class=\"elementor-widget-container\">\n\t\t\t<h2 class=\"elementor-heading-title elementor-size-default\">RAPPORTS<\/h2>\t\t<\/div>\n\t\t\t\t<\/div>\n\t\t\t\t<div class=\"elementor-element elementor-element-e4259b2 elementor-widget elementor-widget-shortcode\" data-id=\"e4259b2\" data-element_type=\"widget\" data-widget_type=\"shortcode.default\">\n\t\t\t\t<div class=\"elementor-widget-container\">\n\t\t\t\t\t<div class=\"elementor-shortcode\">        <section class=\"documents-loop list\">\r\n                                <article>\r\n                        <a href=\"https:\/\/oreskills.eu\/wp-content\/uploads\/2025\/07\/FLORES_REPORT_D2.1_FINAL-VERSION2.pdf\" target=\"_blank\">\r\n                            <h4>\r\n                                                                    <i class=\"fas fa-file-pdf\"><\/i>\r\n                                                                <span>\r\n                                    Rapport sur les besoins en comp\u00e9tences de l&rsquo;ORE (EN)                                <\/span>\r\n                            <\/h4>\r\n                            <p>Le pr\u00e9sent rapport proc\u00e8de \u00e0 une analyse de l'intelligence des comp\u00e9tences, en \u00e9valuant l'offre et la demande actuelles de comp\u00e9tences et en comparant les deux afin d'identifier et de mettre en \u00e9vidence les lacunes et les p\u00e9nuries existantes auxquelles il convient de rem\u00e9dier.<\/p>                        <\/a>\r\n                    <\/article>\r\n                                    <article>\r\n                        <a href=\"https:\/\/oreskills.eu\/wp-content\/uploads\/2025\/07\/20241120_D3.2-Evaluation-Repository-of-training-Materials_UGent_EGM_CCv2.pdf\" target=\"_blank\">\r\n                            <h4>\r\n                                                                    <i class=\"fas fa-file-pdf\"><\/i>\r\n                                                                <span>\r\n                                    Rapport sur le r\u00e9pertoire des ressources p\u00e9dagogiques sur les \u00e9nergies marines renouvelables (EN)                                <\/span>\r\n                            <\/h4>\r\n                                                    <\/a>\r\n                    <\/article>\r\n                                    <article>\r\n                        <a href=\"https:\/\/oreskills.eu\/wp-content\/uploads\/2025\/04\/FLORES_D2.3_Report_final_version.pdf\" target=\"_blank\">\r\n                            <h4>\r\n                                                                    <i class=\"fas fa-file-pdf\"><\/i>\r\n                                                                <span>\r\n                                    Analyse des tendances futures dans les m\u00e9tiers li\u00e9s aux \u00e9nergies marines renouvelables (EMR)                                <\/span>\r\n                            <\/h4>\r\n                            <p>Ce rapport propose une analyse des sc\u00e9narios d\u2019\u00e9volution des comp\u00e9tences et qualifications dans le secteur des ERM, en identifiant les lacunes actuelles et anticip\u00e9es \u00e0 court, moyen et long terme. Il met en \u00e9vidence les tendances \u00e9mergentes susceptibles d\u2019impacter la demande en comp\u00e9tences, ainsi que les modalit\u00e9s et contenus de formation recommand\u00e9s pour y r\u00e9pondre efficacement.<\/p>                        <\/a>\r\n                    <\/article>\r\n                        <\/section>\r\n    <\/div>\n\t\t\t\t<\/div>\n\t\t\t\t<\/div>\n\t\t\t\t\t<\/div>\n\t\t<\/div>\n\t\t\t\t<div class=\"elementor-column elementor-col-50 elementor-top-column elementor-element elementor-element-dfb9b97\" data-id=\"dfb9b97\" data-element_type=\"column\" data-settings=\"{&quot;background_background&quot;:&quot;classic&quot;}\">\n\t\t\t<div class=\"elementor-widget-wrap elementor-element-populated\">\n\t\t\t\t\t\t<div class=\"elementor-element elementor-element-a55b47f icon-circle animated-fast elementor-view-default elementor-invisible elementor-widget elementor-widget-icon\" data-id=\"a55b47f\" data-element_type=\"widget\" data-settings=\"{&quot;_animation&quot;:&quot;zoomIn&quot;}\" data-widget_type=\"icon.default\">\n\t\t\t\t<div class=\"elementor-widget-container\">\n\t\t\t\t\t<div class=\"elementor-icon-wrapper\">\n\t\t\t<div class=\"elementor-icon\">\n\t\t\t<svg xmlns=\"http:\/\/www.w3.org\/2000\/svg\" id=\"OBJECT\" height=\"512\" viewBox=\"0 0 32 32\" width=\"512\"><path d=\"m5 24h2v3h-2z\"><\/path><path d=\"m5 19h2v3h-2z\"><\/path><path d=\"m31 18a9 9 0 0 0 -8-8.94v-5.56a2.5 2.5 0 0 0 -2.5-2.5h-12.5a1 1 0 0 0 -.76.35l-6 7a1 1 0 0 0 -.24.65v19.5a2.5 2.5 0 0 0 2.5 2.5h17a2.5 2.5 0 0 0 2.5-2.5v-1.56a9 9 0 0 0 8-8.94zm-24-13.3v2.8a.5.5 0 0 1 -.5.5h-2.33zm13.5 24.3h-17a.5.5 0 0 1 -.5-.5v-18.5h3.5a2.5 2.5 0 0 0 2.5-2.5v-4.5h11.5a.5.5 0 0 1 .5.5v5.56a9 9 0 0 0 0 17.88v1.56a.5.5 0 0 1 -.5.5zm1.5-4a7 7 0 1 1 7-7 7 7 0 0 1 -7 7z\"><\/path><path d=\"m23 17.15a1 1 0 0 0 -1-1h-2v2h1v3h-1v2h4v-2h-1z\"><\/path><path d=\"m20.5 12.85h2v2.1h-2z\"><\/path><\/svg>\t\t\t<\/div>\n\t\t<\/div>\n\t\t\t\t<\/div>\n\t\t\t\t<\/div>\n\t\t\t\t<div class=\"elementor-element elementor-element-80704ed elementor-widget elementor-widget-heading\" data-id=\"80704ed\" data-element_type=\"widget\" data-widget_type=\"heading.default\">\n\t\t\t\t<div class=\"elementor-widget-container\">\n\t\t\t<h2 class=\"elementor-heading-title elementor-size-default\"><span style=\"font-size: 25.6px\">RESSOURCES<\/span><\/h2>\t\t<\/div>\n\t\t\t\t<\/div>\n\t\t\t\t<div class=\"elementor-element elementor-element-772d416 report-guidelines-list elementor-widget elementor-widget-shortcode\" data-id=\"772d416\" data-element_type=\"widget\" data-widget_type=\"shortcode.default\">\n\t\t\t\t<div class=\"elementor-widget-container\">\n\t\t\t\t\t<div class=\"elementor-shortcode\">        <section class=\"documents-loop list\">\r\n                                <article>\r\n                        <a href=\"https:\/\/oreskills.eu\/wp-content\/uploads\/2025\/03\/Guidelines-WP3-T-3.1_v15.pdf\" target=\"_blank\">\r\n                            <h4>\r\n                                                                    <i class=\"fas fa-file-pdf\"><\/i>\r\n                                                                <span>\r\n                                    Lignes directrices pour promouvoir l&rsquo;apprentissage tout au long de la vie dans l&rsquo;ORE                                <\/span>\r\n                            <\/h4>\r\n                            <p>Consultez ce document pour savoir comment mieux stimuler l'offre de formation d\u00e9di\u00e9e au secteur des \u00e9nergies renouvelables en mer, tout en promouvant des approches innovantes en mati\u00e8re d'apprentissage tout au long de la vie (LLL) et de bonnes pratiques pour la conception des programmes et les activit\u00e9s d'enseignement.<\/p>                        <\/a>\r\n                    <\/article>\r\n                                    <article>\r\n                        <a href=\"https:\/\/oreskills.eu\/wp-content\/uploads\/2025\/07\/D2.2-Report-Map-Training-Offer-1.pdf \" target=\"_blank\">\r\n                            <h4>\r\n                                                                    <i class=\"fas fa-link\"><\/i>\r\n                                                                <span>\r\n                                    Analyse des offres de formation ORE                                <\/span>\r\n                            <\/h4>\r\n                            <p>Ce rapport pr\u00e9sente l'analyse des offres de formation collect\u00e9es par le partenariat FLORES afin d'identifier les profils professionnels dans le secteur des ORE, en mettant en lumi\u00e8re le contenu, le type, le format et les niveaux CEC des formations.<\/p>                        <\/a>\r\n                    <\/article>\r\n                        <\/section>\r\n    <\/div>\n\t\t\t\t<\/div>\n\t\t\t\t<\/div>\n\t\t\t\t\t<\/div>\n\t\t<\/div>\n\t\t\t\t\t<\/div>\n\t\t<\/section>\n\t\t\t\t<\/div>\n\t\t","protected":false},"excerpt":{"rendered":"<p>OBSERVATOIRE Le secteur des \u00e9nergies marines renouvelables est en plein essor. Il devrait cr\u00e9er entre 20 000 et 54 000 nouveaux emplois au cours des cinq prochaines ann\u00e9es. Toutefois, pour atteindre un chiffre aussi prometteur, nous devons nous assurer que les possibilit\u00e9s de formation offertes en Europe correspondent r\u00e9ellement aux besoins actuels et futurs du &#8230; <a title=\"Analyse des offres de formation ORE\" class=\"read-more\" href=\"https:\/\/oreskills.eu\/fr\/document\/analyse-des-offres-de-formation-ore\/\" aria-label=\"En savoir plus sur Analyse des offres de formation ORE\">Lire la suite<\/a><\/p>\n","protected":false},"author":1,"featured_media":0,"parent":0,"menu_order":0,"comment_status":"closed","ping_status":"closed","template":"elementor_header_footer","meta":{"_acf_changed":false,"footnotes":""},"class_list":["post-3036","page","type-page","status-publish","hentry"],"acf":[],"_links":{"self":[{"href":"https:\/\/oreskills.eu\/fr\/wp-json\/wp\/v2\/pages\/3036","targetHints":{"allow":["GET"]}}],"collection":[{"href":"https:\/\/oreskills.eu\/fr\/wp-json\/wp\/v2\/pages"}],"about":[{"href":"https:\/\/oreskills.eu\/fr\/wp-json\/wp\/v2\/types\/page"}],"author":[{"embeddable":true,"href":"https:\/\/oreskills.eu\/fr\/wp-json\/wp\/v2\/users\/1"}],"replies":[{"embeddable":true,"href":"https:\/\/oreskills.eu\/fr\/wp-json\/wp\/v2\/comments?post=3036"}],"version-history":[{"count":6,"href":"https:\/\/oreskills.eu\/fr\/wp-json\/wp\/v2\/pages\/3036\/revisions"}],"predecessor-version":[{"id":6979,"href":"https:\/\/oreskills.eu\/fr\/wp-json\/wp\/v2\/pages\/3036\/revisions\/6979"}],"wp:attachment":[{"href":"https:\/\/oreskills.eu\/fr\/wp-json\/wp\/v2\/media?parent=3036"}],"curies":[{"name":"wp","href":"https:\/\/api.w.org\/{rel}","templated":true}]}}