{"id":3005,"date":"2023-03-28T09:00:29","date_gmt":"2023-03-28T07:00:29","guid":{"rendered":"https:\/\/oreskills.eu\/a-propos\/apercu-du-projet\/"},"modified":"2023-08-29T14:57:46","modified_gmt":"2023-08-29T12:57:46","slug":"apercu-du-projet","status":"publish","type":"page","link":"https:\/\/oreskills.eu\/fr\/a-propos\/apercu-du-projet\/","title":{"rendered":"Aper\u00e7u du projet"},"content":{"rendered":"\t\t<div data-elementor-type=\"wp-page\" data-elementor-id=\"3005\" class=\"elementor elementor-3005 elementor-1769\" data-elementor-post-type=\"page\">\n\t\t\t\t\t\t<section class=\"elementor-section elementor-top-section elementor-element elementor-element-4252223 elementor-section-full_width elementor-section-height-min-height elementor-section-height-default elementor-section-items-middle\" data-id=\"4252223\" data-element_type=\"section\" data-settings=\"{&quot;background_background&quot;:&quot;classic&quot;,&quot;jet_parallax_layout_list&quot;:[]}\">\n\t\t\t\t\t\t<div class=\"elementor-container elementor-column-gap-default\">\n\t\t\t\t\t<div class=\"elementor-column elementor-col-100 elementor-top-column elementor-element elementor-element-66b2acfe\" data-id=\"66b2acfe\" data-element_type=\"column\">\n\t\t\t<div class=\"elementor-widget-wrap elementor-element-populated\">\n\t\t\t\t\t\t<div class=\"elementor-element elementor-element-28f93c03 animated-slow elementor-invisible elementor-widget elementor-widget-heading\" data-id=\"28f93c03\" data-element_type=\"widget\" data-settings=\"{&quot;_animation&quot;:&quot;fadeIn&quot;}\" data-widget_type=\"heading.default\">\n\t\t\t\t<div class=\"elementor-widget-container\">\n\t\t\t<h2 class=\"elementor-heading-title elementor-size-default\">Aper\u00e7u du projet<\/h2>\t\t<\/div>\n\t\t\t\t<\/div>\n\t\t\t\t\t<\/div>\n\t\t<\/div>\n\t\t\t\t\t<\/div>\n\t\t<\/section>\n\t\t\t\t<section class=\"elementor-section elementor-top-section elementor-element elementor-element-824718c elementor-section-boxed elementor-section-height-default elementor-section-height-default\" data-id=\"824718c\" data-element_type=\"section\" data-settings=\"{&quot;jet_parallax_layout_list&quot;:[],&quot;background_background&quot;:&quot;classic&quot;}\">\n\t\t\t\t\t\t<div class=\"elementor-container elementor-column-gap-default\">\n\t\t\t\t\t<div class=\"elementor-column elementor-col-100 elementor-top-column elementor-element elementor-element-2e25fed9\" data-id=\"2e25fed9\" data-element_type=\"column\">\n\t\t\t<div class=\"elementor-widget-wrap elementor-element-populated\">\n\t\t\t\t\t\t<div class=\"elementor-element elementor-element-8a5d799 elementor-widget elementor-widget-heading\" data-id=\"8a5d799\" data-element_type=\"widget\" data-widget_type=\"heading.default\">\n\t\t\t\t<div class=\"elementor-widget-container\">\n\t\t\t<h2 class=\"elementor-heading-title elementor-size-default\">FLORES en bref<\/h2>\t\t<\/div>\n\t\t\t\t<\/div>\n\t\t\t\t<section class=\"elementor-section elementor-inner-section elementor-element elementor-element-6a45a55a elementor-section-boxed elementor-section-height-default elementor-section-height-default\" data-id=\"6a45a55a\" data-element_type=\"section\" data-settings=\"{&quot;jet_parallax_layout_list&quot;:[]}\">\n\t\t\t\t\t\t<div class=\"elementor-container elementor-column-gap-default\">\n\t\t\t\t\t<div class=\"elementor-column elementor-col-33 elementor-inner-column elementor-element elementor-element-35bc9d03\" data-id=\"35bc9d03\" data-element_type=\"column\">\n\t\t\t<div class=\"elementor-widget-wrap elementor-element-populated\">\n\t\t\t\t\t\t<div class=\"elementor-element elementor-element-5c12a4b elementor-widget elementor-widget-heading\" data-id=\"5c12a4b\" data-element_type=\"widget\" data-widget_type=\"heading.default\">\n\t\t\t\t<div class=\"elementor-widget-container\">\n\t\t\t<h2 class=\"elementor-heading-title elementor-size-default\">PROGRAMME :<\/h2>\t\t<\/div>\n\t\t\t\t<\/div>\n\t\t\t\t\t<\/div>\n\t\t<\/div>\n\t\t\t\t<div class=\"elementor-column elementor-col-33 elementor-inner-column elementor-element elementor-element-2bd5e551\" data-id=\"2bd5e551\" data-element_type=\"column\">\n\t\t\t<div class=\"elementor-widget-wrap elementor-element-populated\">\n\t\t\t\t\t\t<div class=\"elementor-element elementor-element-58337284 elementor-widget elementor-widget-heading\" data-id=\"58337284\" data-element_type=\"widget\" data-widget_type=\"heading.default\">\n\t\t\t\t<div class=\"elementor-widget-container\">\n\t\t\t<h2 class=\"elementor-heading-title elementor-size-default\">Erasmus+<\/h2>\t\t<\/div>\n\t\t\t\t<\/div>\n\t\t\t\t\t<\/div>\n\t\t<\/div>\n\t\t\t\t<div class=\"elementor-column elementor-col-33 elementor-inner-column elementor-element elementor-element-2eb324cf\" data-id=\"2eb324cf\" data-element_type=\"column\">\n\t\t\t<div class=\"elementor-widget-wrap elementor-element-populated\">\n\t\t\t\t\t\t<div class=\"elementor-element elementor-element-3aae299c elementor-widget elementor-widget-spacer\" data-id=\"3aae299c\" data-element_type=\"widget\" data-widget_type=\"spacer.default\">\n\t\t\t\t<div class=\"elementor-widget-container\">\n\t\t\t\t\t<div class=\"elementor-spacer\">\n\t\t\t<div class=\"elementor-spacer-inner\"><\/div>\n\t\t<\/div>\n\t\t\t\t<\/div>\n\t\t\t\t<\/div>\n\t\t\t\t\t<\/div>\n\t\t<\/div>\n\t\t\t\t\t<\/div>\n\t\t<\/section>\n\t\t\t\t<section class=\"elementor-section elementor-inner-section elementor-element elementor-element-7e546bce elementor-section-boxed elementor-section-height-default elementor-section-height-default\" data-id=\"7e546bce\" data-element_type=\"section\" data-settings=\"{&quot;jet_parallax_layout_list&quot;:[]}\">\n\t\t\t\t\t\t<div class=\"elementor-container elementor-column-gap-default\">\n\t\t\t\t\t<div class=\"elementor-column elementor-col-33 elementor-inner-column elementor-element elementor-element-7cd05411\" data-id=\"7cd05411\" data-element_type=\"column\">\n\t\t\t<div class=\"elementor-widget-wrap elementor-element-populated\">\n\t\t\t\t\t\t<div class=\"elementor-element elementor-element-43972ced elementor-widget elementor-widget-heading\" data-id=\"43972ced\" data-element_type=\"widget\" data-widget_type=\"heading.default\">\n\t\t\t\t<div class=\"elementor-widget-container\">\n\t\t\t<h2 class=\"elementor-heading-title elementor-size-default\">TYPE D\u2019ACTION :<\/h2>\t\t<\/div>\n\t\t\t\t<\/div>\n\t\t\t\t\t<\/div>\n\t\t<\/div>\n\t\t\t\t<div class=\"elementor-column elementor-col-33 elementor-inner-column elementor-element elementor-element-147052fa\" data-id=\"147052fa\" data-element_type=\"column\">\n\t\t\t<div class=\"elementor-widget-wrap elementor-element-populated\">\n\t\t\t\t\t\t<div class=\"elementor-element elementor-element-1b8c425b elementor-widget elementor-widget-heading\" data-id=\"1b8c425b\" data-element_type=\"widget\" data-widget_type=\"heading.default\">\n\t\t\t\t<div class=\"elementor-widget-container\">\n\t\t\t<h2 class=\"elementor-heading-title elementor-size-default\">ERASMUS-LS ERASMUS Lump Sum Grants (dotations forfaitaires)<\/h2>\t\t<\/div>\n\t\t\t\t<\/div>\n\t\t\t\t\t<\/div>\n\t\t<\/div>\n\t\t\t\t<div class=\"elementor-column elementor-col-33 elementor-inner-column elementor-element elementor-element-7c9ce277\" data-id=\"7c9ce277\" data-element_type=\"column\">\n\t\t\t<div class=\"elementor-widget-wrap elementor-element-populated\">\n\t\t\t\t\t\t<div class=\"elementor-element elementor-element-dce8ff0 elementor-widget elementor-widget-spacer\" data-id=\"dce8ff0\" data-element_type=\"widget\" data-widget_type=\"spacer.default\">\n\t\t\t\t<div class=\"elementor-widget-container\">\n\t\t\t\t\t<div class=\"elementor-spacer\">\n\t\t\t<div class=\"elementor-spacer-inner\"><\/div>\n\t\t<\/div>\n\t\t\t\t<\/div>\n\t\t\t\t<\/div>\n\t\t\t\t\t<\/div>\n\t\t<\/div>\n\t\t\t\t\t<\/div>\n\t\t<\/section>\n\t\t\t\t<section class=\"elementor-section elementor-inner-section elementor-element elementor-element-6b9c8f6d elementor-section-boxed elementor-section-height-default elementor-section-height-default\" data-id=\"6b9c8f6d\" data-element_type=\"section\" data-settings=\"{&quot;jet_parallax_layout_list&quot;:[]}\">\n\t\t\t\t\t\t<div class=\"elementor-container elementor-column-gap-default\">\n\t\t\t\t\t<div class=\"elementor-column elementor-col-33 elementor-inner-column elementor-element elementor-element-6d62f400\" data-id=\"6d62f400\" data-element_type=\"column\">\n\t\t\t<div class=\"elementor-widget-wrap elementor-element-populated\">\n\t\t\t\t\t\t<div class=\"elementor-element elementor-element-1157276a elementor-widget elementor-widget-heading\" data-id=\"1157276a\" data-element_type=\"widget\" data-widget_type=\"heading.default\">\n\t\t\t\t<div class=\"elementor-widget-container\">\n\t\t\t<h2 class=\"elementor-heading-title elementor-size-default\">BUDGET TOTAL :<\/h2>\t\t<\/div>\n\t\t\t\t<\/div>\n\t\t\t\t\t<\/div>\n\t\t<\/div>\n\t\t\t\t<div class=\"elementor-column elementor-col-33 elementor-inner-column elementor-element elementor-element-36b749e4\" data-id=\"36b749e4\" data-element_type=\"column\">\n\t\t\t<div class=\"elementor-widget-wrap elementor-element-populated\">\n\t\t\t\t\t\t<div class=\"elementor-element elementor-element-6078eeaa elementor-widget elementor-widget-heading\" data-id=\"6078eeaa\" data-element_type=\"widget\" data-widget_type=\"heading.default\">\n\t\t\t\t<div class=\"elementor-widget-container\">\n\t\t\t<h2 class=\"elementor-heading-title elementor-size-default\">\u20ac700.000<\/h2>\t\t<\/div>\n\t\t\t\t<\/div>\n\t\t\t\t\t<\/div>\n\t\t<\/div>\n\t\t\t\t<div class=\"elementor-column elementor-col-33 elementor-inner-column elementor-element elementor-element-7b1ef5a9\" data-id=\"7b1ef5a9\" data-element_type=\"column\">\n\t\t\t<div class=\"elementor-widget-wrap elementor-element-populated\">\n\t\t\t\t\t\t<div class=\"elementor-element elementor-element-60e2c718 elementor-widget elementor-widget-spacer\" data-id=\"60e2c718\" data-element_type=\"widget\" data-widget_type=\"spacer.default\">\n\t\t\t\t<div class=\"elementor-widget-container\">\n\t\t\t\t\t<div class=\"elementor-spacer\">\n\t\t\t<div class=\"elementor-spacer-inner\"><\/div>\n\t\t<\/div>\n\t\t\t\t<\/div>\n\t\t\t\t<\/div>\n\t\t\t\t\t<\/div>\n\t\t<\/div>\n\t\t\t\t\t<\/div>\n\t\t<\/section>\n\t\t\t\t<section class=\"elementor-section elementor-inner-section elementor-element elementor-element-75ac96f7 elementor-section-boxed elementor-section-height-default elementor-section-height-default\" data-id=\"75ac96f7\" data-element_type=\"section\" data-settings=\"{&quot;jet_parallax_layout_list&quot;:[]}\">\n\t\t\t\t\t\t<div class=\"elementor-container elementor-column-gap-default\">\n\t\t\t\t\t<div class=\"elementor-column elementor-col-33 elementor-inner-column elementor-element elementor-element-6aada53d\" data-id=\"6aada53d\" data-element_type=\"column\">\n\t\t\t<div class=\"elementor-widget-wrap elementor-element-populated\">\n\t\t\t\t\t\t<div class=\"elementor-element elementor-element-4adc32b elementor-widget elementor-widget-heading\" data-id=\"4adc32b\" data-element_type=\"widget\" data-widget_type=\"heading.default\">\n\t\t\t\t<div class=\"elementor-widget-container\">\n\t\t\t<h2 class=\"elementor-heading-title elementor-size-default\">DUR\u00c9E :<\/h2>\t\t<\/div>\n\t\t\t\t<\/div>\n\t\t\t\t\t<\/div>\n\t\t<\/div>\n\t\t\t\t<div class=\"elementor-column elementor-col-33 elementor-inner-column elementor-element elementor-element-361361fa\" data-id=\"361361fa\" data-element_type=\"column\">\n\t\t\t<div class=\"elementor-widget-wrap elementor-element-populated\">\n\t\t\t\t\t\t<div class=\"elementor-element elementor-element-2e6b9035 elementor-widget elementor-widget-heading\" data-id=\"2e6b9035\" data-element_type=\"widget\" data-widget_type=\"heading.default\">\n\t\t\t\t<div class=\"elementor-widget-container\">\n\t\t\t<h2 class=\"elementor-heading-title elementor-size-default\">Janvier 2023 - d\u00e9cembre 2024 (24 mois)<\/h2>\t\t<\/div>\n\t\t\t\t<\/div>\n\t\t\t\t\t<\/div>\n\t\t<\/div>\n\t\t\t\t<div class=\"elementor-column elementor-col-33 elementor-inner-column elementor-element elementor-element-73357893\" data-id=\"73357893\" data-element_type=\"column\">\n\t\t\t<div class=\"elementor-widget-wrap elementor-element-populated\">\n\t\t\t\t\t\t<div class=\"elementor-element elementor-element-34bda222 elementor-widget elementor-widget-spacer\" data-id=\"34bda222\" data-element_type=\"widget\" data-widget_type=\"spacer.default\">\n\t\t\t\t<div class=\"elementor-widget-container\">\n\t\t\t\t\t<div class=\"elementor-spacer\">\n\t\t\t<div class=\"elementor-spacer-inner\"><\/div>\n\t\t<\/div>\n\t\t\t\t<\/div>\n\t\t\t\t<\/div>\n\t\t\t\t\t<\/div>\n\t\t<\/div>\n\t\t\t\t\t<\/div>\n\t\t<\/section>\n\t\t\t\t<section class=\"elementor-section elementor-inner-section elementor-element elementor-element-638caa67 elementor-section-boxed elementor-section-height-default elementor-section-height-default\" data-id=\"638caa67\" data-element_type=\"section\" data-settings=\"{&quot;jet_parallax_layout_list&quot;:[]}\">\n\t\t\t\t\t\t<div class=\"elementor-container elementor-column-gap-default\">\n\t\t\t\t\t<div class=\"elementor-column elementor-col-33 elementor-inner-column elementor-element elementor-element-427cfbdd\" data-id=\"427cfbdd\" data-element_type=\"column\">\n\t\t\t<div class=\"elementor-widget-wrap elementor-element-populated\">\n\t\t\t\t\t\t<div class=\"elementor-element elementor-element-679a568a elementor-widget elementor-widget-heading\" data-id=\"679a568a\" data-element_type=\"widget\" data-widget_type=\"heading.default\">\n\t\t\t\t<div class=\"elementor-widget-container\">\n\t\t\t<h2 class=\"elementor-heading-title elementor-size-default\">COORDONNATEUR :<\/h2>\t\t<\/div>\n\t\t\t\t<\/div>\n\t\t\t\t\t<\/div>\n\t\t<\/div>\n\t\t\t\t<div class=\"elementor-column elementor-col-33 elementor-inner-column elementor-element elementor-element-3bf20791\" data-id=\"3bf20791\" data-element_type=\"column\">\n\t\t\t<div class=\"elementor-widget-wrap elementor-element-populated\">\n\t\t\t\t\t\t<div class=\"elementor-element elementor-element-145503ec elementor-widget elementor-widget-heading\" data-id=\"145503ec\" data-element_type=\"widget\" data-widget_type=\"heading.default\">\n\t\t\t\t<div class=\"elementor-widget-container\">\n\t\t\t<h2 class=\"elementor-heading-title elementor-size-default\">Centro Tecnol\u00f3gico del Mar (Fundaci\u00f3n CETMAR), Espagne<\/h2>\t\t<\/div>\n\t\t\t\t<\/div>\n\t\t\t\t\t<\/div>\n\t\t<\/div>\n\t\t\t\t<div class=\"elementor-column elementor-col-33 elementor-inner-column elementor-element elementor-element-2825b40\" data-id=\"2825b40\" data-element_type=\"column\">\n\t\t\t<div class=\"elementor-widget-wrap elementor-element-populated\">\n\t\t\t\t\t\t<div class=\"elementor-element elementor-element-5ccce119 elementor-widget elementor-widget-spacer\" data-id=\"5ccce119\" data-element_type=\"widget\" data-widget_type=\"spacer.default\">\n\t\t\t\t<div class=\"elementor-widget-container\">\n\t\t\t\t\t<div class=\"elementor-spacer\">\n\t\t\t<div class=\"elementor-spacer-inner\"><\/div>\n\t\t<\/div>\n\t\t\t\t<\/div>\n\t\t\t\t<\/div>\n\t\t\t\t\t<\/div>\n\t\t<\/div>\n\t\t\t\t\t<\/div>\n\t\t<\/section>\n\t\t\t\t<section class=\"elementor-section elementor-inner-section elementor-element elementor-element-4c2dffd3 elementor-section-boxed elementor-section-height-default elementor-section-height-default\" data-id=\"4c2dffd3\" data-element_type=\"section\" data-settings=\"{&quot;jet_parallax_layout_list&quot;:[]}\">\n\t\t\t\t\t\t<div class=\"elementor-container elementor-column-gap-default\">\n\t\t\t\t\t<div class=\"elementor-column elementor-col-33 elementor-inner-column elementor-element elementor-element-74a7caa4\" data-id=\"74a7caa4\" data-element_type=\"column\">\n\t\t\t<div class=\"elementor-widget-wrap elementor-element-populated\">\n\t\t\t\t\t\t<div class=\"elementor-element elementor-element-c58f91c elementor-widget elementor-widget-heading\" data-id=\"c58f91c\" data-element_type=\"widget\" data-widget_type=\"heading.default\">\n\t\t\t\t<div class=\"elementor-widget-container\">\n\t\t\t<h2 class=\"elementor-heading-title elementor-size-default\">CONSORTIUM :<\/h2>\t\t<\/div>\n\t\t\t\t<\/div>\n\t\t\t\t\t<\/div>\n\t\t<\/div>\n\t\t\t\t<div class=\"elementor-column elementor-col-33 elementor-inner-column elementor-element elementor-element-679c522a\" data-id=\"679c522a\" data-element_type=\"column\">\n\t\t\t<div class=\"elementor-widget-wrap elementor-element-populated\">\n\t\t\t\t\t\t<div class=\"elementor-element elementor-element-75dd5e84 elementor-widget elementor-widget-heading\" data-id=\"75dd5e84\" data-element_type=\"widget\" data-widget_type=\"heading.default\">\n\t\t\t\t<div class=\"elementor-widget-container\">\n\t\t\t<h2 class=\"elementor-heading-title elementor-size-default\">15 partenaires de 8 pays<\/h2>\t\t<\/div>\n\t\t\t\t<\/div>\n\t\t\t\t\t<\/div>\n\t\t<\/div>\n\t\t\t\t<div class=\"elementor-column elementor-col-33 elementor-inner-column elementor-element elementor-element-2fb7a46c\" data-id=\"2fb7a46c\" data-element_type=\"column\">\n\t\t\t<div class=\"elementor-widget-wrap elementor-element-populated\">\n\t\t\t\t\t\t<div class=\"elementor-element elementor-element-7a4e657c elementor-widget elementor-widget-spacer\" data-id=\"7a4e657c\" data-element_type=\"widget\" data-widget_type=\"spacer.default\">\n\t\t\t\t<div class=\"elementor-widget-container\">\n\t\t\t\t\t<div class=\"elementor-spacer\">\n\t\t\t<div class=\"elementor-spacer-inner\"><\/div>\n\t\t<\/div>\n\t\t\t\t<\/div>\n\t\t\t\t<\/div>\n\t\t\t\t\t<\/div>\n\t\t<\/div>\n\t\t\t\t\t<\/div>\n\t\t<\/section>\n\t\t\t\t<div class=\"elementor-element elementor-element-5f6ba6de elementor-widget elementor-widget-heading\" data-id=\"5f6ba6de\" data-element_type=\"widget\" data-widget_type=\"heading.default\">\n\t\t\t\t<div class=\"elementor-widget-container\">\n\t\t\t<h2 class=\"elementor-heading-title elementor-size-default\">Objectifs<\/h2>\t\t<\/div>\n\t\t\t\t<\/div>\n\t\t\t\t<div class=\"elementor-element elementor-element-34efde26 elementor-widget elementor-widget-text-editor\" data-id=\"34efde26\" data-element_type=\"widget\" data-widget_type=\"text-editor.default\">\n\t\t\t\t<div class=\"elementor-widget-container\">\n\t\t\t\t\t\t\t<p>Forward Looking at the Offshore Renewables (FLORES, Regard prospectif sur les \u00e9nergies marines renouvelables) promouvra l\u2019activit\u00e9 principale du partenariat \u00e0 grande \u00e9chelle lan\u00e7ant le pacte pour les comp\u00e9tences dans le secteur des \u00e9nergies marines renouvelables.<br \/><br \/><\/p><p>FLORES soutiendra les acteurs les plus engag\u00e9s dans le secteur des \u00e9nergies marines renouvelables, \u00e9tayant la r\u00e9ussite de la strat\u00e9gie en faveur des \u00e9nergies marines renouvelables par la stimulation d\u2019offres de formation d\u00e9di\u00e9es. Le partenariat encouragera le processus d\u2019acquisition de comp\u00e9tences pour les nouveaux emplois attendus dans le secteur, estim\u00e9s entre 20 000 et 54 000 nouveaux travailleurs au cours des cinq prochaines ann\u00e9es, et contribuera \u00e0 am\u00e9liorer les possibilit\u00e9s de perfectionnement pour les effectifs actuels du secteur des \u00e9nergies marines renouvelables. <br \/><br \/><\/p><p>Les activit\u00e9s de veille strat\u00e9gique sur les besoins en comp\u00e9tences permettront d\u2019identifier et de hi\u00e9rarchiser les actions les plus pertinentes dans le processus de renforcement des capacit\u00e9s, en couvrant non seulement les changements rapides et complexes qui se produisent dans cet \u00e9cosyst\u00e8me industriel, mais \u00e9galement en \u00e9tant capables de pr\u00e9voir les changements \u00e0 venir, notamment en ce qui concerne les technologies nouvelles et \u00e9mergentes. En s\u2019appuyant sur les connaissances du secteur, les profils professionnels de la cha\u00eene de valeur des \u00e9nergies marines renouvelables seront examin\u00e9s, ce qui contribuera \u00e0 la mise \u00e0 jour continue de\u00a0<a href=\"https:\/\/esco.ec.europa.eu\/fr\" target=\"_blank\" rel=\"noopener\">la base de donn\u00e9es ESCO.<\/a><br \/><br \/><\/p><p>Les processus de reconversion et de perfectionnement professionnels n\u00e9cessaires seront stimul\u00e9s par les approches innovantes de FLORES en mati\u00e8re d\u2019apprentissage tout au long de la vie, avec le d\u00e9veloppement d\u2019outils sp\u00e9cifiques pour soutenir les offres de formation existantes dans le secteur des \u00e9nergies marines renouvelables et l\u2019acc\u00e8s ais\u00e9 au mat\u00e9riel didactique existant.<br \/><br \/><\/p><p>Un ensemble de mat\u00e9riels \u00e9ducatifs en plusieurs langues sera d\u00e9velopp\u00e9 pour promouvoir la connaissance des oc\u00e9ans et la sensibilisation aux opportunit\u00e9s de carri\u00e8re et d\u2019emploi dans le secteur europ\u00e9en des \u00e9nergies marines renouvelables, rendant celles-ci plus attrayantes, en particulier pour les jeunes et les femmes.<br \/><br \/><\/p><p>En outre, l\u2019approche ascendante choisie par FLORES comprendra des actions pilotes r\u00e9gionales adapt\u00e9es aux diff\u00e9rents besoins des bassins maritimes europ\u00e9ens de l\u2019Atlantique, de la Baltique et de la M\u00e9diterran\u00e9e. Ces actions pilotes formeront le socle des futurs groupes de travail miroirs dans le cadre du partenariat \u00e0 grande \u00e9chelle lan\u00e7ant le pacte pour les comp\u00e9tences dans le secteur des \u00e9nergies marines renouvelables.<\/p>\t\t\t\t\t\t<\/div>\n\t\t\t\t<\/div>\n\t\t\t\t\t<\/div>\n\t\t<\/div>\n\t\t\t\t\t<\/div>\n\t\t<\/section>\n\t\t\t\t<\/div>\n\t\t","protected":false},"excerpt":{"rendered":"<p>Aper\u00e7u du projet FLORES en bref PROGRAMME : Erasmus+ TYPE D\u2019ACTION : ERASMUS-LS ERASMUS Lump Sum Grants (dotations forfaitaires) BUDGET TOTAL : \u20ac700.000 DUR\u00c9E : Janvier 2023 &#8211; d\u00e9cembre 2024 (24 mois) COORDONNATEUR : Centro Tecnol\u00f3gico del Mar (Fundaci\u00f3n CETMAR), Espagne CONSORTIUM : 15 partenaires de 8 pays Objectifs Forward Looking at the Offshore Renewables &#8230; <a title=\"Aper\u00e7u du projet\" class=\"read-more\" href=\"https:\/\/oreskills.eu\/fr\/a-propos\/apercu-du-projet\/\" aria-label=\"En savoir plus sur Aper\u00e7u du projet\">Lire la suite<\/a><\/p>\n","protected":false},"author":1,"featured_media":0,"parent":2981,"menu_order":0,"comment_status":"closed","ping_status":"closed","template":"elementor_header_footer","meta":{"_acf_changed":false,"footnotes":""},"class_list":["post-3005","page","type-page","status-publish"],"acf":[],"_links":{"self":[{"href":"https:\/\/oreskills.eu\/fr\/wp-json\/wp\/v2\/pages\/3005","targetHints":{"allow":["GET"]}}],"collection":[{"href":"https:\/\/oreskills.eu\/fr\/wp-json\/wp\/v2\/pages"}],"about":[{"href":"https:\/\/oreskills.eu\/fr\/wp-json\/wp\/v2\/types\/page"}],"author":[{"embeddable":true,"href":"https:\/\/oreskills.eu\/fr\/wp-json\/wp\/v2\/users\/1"}],"replies":[{"embeddable":true,"href":"https:\/\/oreskills.eu\/fr\/wp-json\/wp\/v2\/comments?post=3005"}],"version-history":[{"count":0,"href":"https:\/\/oreskills.eu\/fr\/wp-json\/wp\/v2\/pages\/3005\/revisions"}],"up":[{"embeddable":true,"href":"https:\/\/oreskills.eu\/fr\/wp-json\/wp\/v2\/pages\/2981"}],"wp:attachment":[{"href":"https:\/\/oreskills.eu\/fr\/wp-json\/wp\/v2\/media?parent=3005"}],"curies":[{"name":"wp","href":"https:\/\/api.w.org\/{rel}","templated":true}]}}