{"id":4711,"date":"2024-11-07T10:46:27","date_gmt":"2024-11-07T09:46:27","guid":{"rendered":"https:\/\/oreskills.eu\/perfiles-profesionales-ore\/"},"modified":"2024-11-07T11:17:51","modified_gmt":"2024-11-07T10:17:51","slug":"perfiles-profesionales-ore","status":"publish","type":"page","link":"https:\/\/oreskills.eu\/es\/perfiles-profesionales-ore\/","title":{"rendered":"Perfiles profesionales ORE"},"content":{"rendered":"<style>\/*! elementor - v3.23.0 - 05-08-2024 *\/\n.elementor-heading-title{padding:0;margin:0;line-height:1}.elementor-widget-heading .elementor-heading-title[class*=elementor-size-]>a{color:inherit;font-size:inherit;line-height:inherit}.elementor-widget-heading .elementor-heading-title.elementor-size-small{font-size:15px}.elementor-widget-heading .elementor-heading-title.elementor-size-medium{font-size:19px}.elementor-widget-heading .elementor-heading-title.elementor-size-large{font-size:29px}.elementor-widget-heading .elementor-heading-title.elementor-size-xl{font-size:39px}.elementor-widget-heading .elementor-heading-title.elementor-size-xxl{font-size:59px}<\/style>\n<h3>\u00bfC\u00f3mo son los trabajos en el \u00e1mbito de las energ\u00edas renovables marinas (ORE)<\/h3>\n<p>En la econom\u00eda mundial interconectada de hoy en d\u00eda, las oportunidades de empleo en alta mar han adquirido importancia en muchos sectores, y especialmente en el de las energ\u00edas renovables en alta mar. Los puestos de trabajo en alta mar suelen situarse en lugares remotos o en el extranjero y ofrecen trayectorias profesionales y experiencias \u00fanicas. <\/p>\n<p>Existen muchos perfiles laborales en este sector que probablemente desconozcas. Pero todo el mundo tiene cabida, independientemente del g\u00e9nero, edad o raza. <\/p>\n<p>El material de informaci\u00f3n profesional de FLORES se centra en perfiles profesionales diferentes, interesantes y poco habituales, que contribuyen al desarrollo de las energ\u00edas renovables marinas. Estos perfiles profesionales se encuentran a lo largo del ciclo de vida de los proyectos de energ\u00edas renovables marinas. Algunos se desempe\u00f1an principalmente en el mar (offshore), por ejemplo, el trabajo de un buzo mientras que otros se desempe\u00f1an en tierra (onshore). Algunos requieren trabajo de oficina o de laboratorio, como el de bi\u00f3logo marino, por ejemplo. Y otros combinan ambos, el trabajo en el mar y en tierra, por ejemplo, un jefe de instalaci\u00f3n de cables.    <\/p>\n<h3>Ejemplos de profesiones ORE<\/h3>\n<ul>\n<li>Responsable de vigilancia digital: Un-a responsable de vigilancia digital dise\u00f1a software especial para los clientes que operan en alta mar. Este software permite que los operadores supervisen el parque e\u00f3lico u otro proyecto en alta mar que necesite vigilancia, pero tambi\u00e9n se puede utilizar para otros fines, como hacer un seguimiento de las personas que trabajan en el mar, garantizando su seguridad, o proporcionar una red 5G a todo el parque e\u00f3lico. <\/li>\n<li>Jefe-a de instalaci\u00f3n de cables: Con sus conocimientos de ingenier\u00eda, un-a jefe-a de instalaci\u00f3n de cables se ocupa del dise\u00f1o, la compra y la instalaci\u00f3n de cables submarinos que conectan la turbina e\u00f3lica a la subestaci\u00f3n en alta mar. Supervisa el progreso de los cables cuando est\u00e1n en fase de producci\u00f3n, visitando la f\u00e1brica de cables y comprobando su calidad. Durante la instalaci\u00f3n del cableado, se desplaza a alta mar para supervisar la actividad.  <\/li>\n<li>Bi\u00f3logo-a marino-a: Investiga la vida marina y c\u00f3mo interact\u00faan entre s\u00ed los organismos marinos, pero tambi\u00e9n c\u00f3mo interact\u00faan los seres humanos con la naturaleza. Las energ\u00edas renovables en alta mar conllevan la construcci\u00f3n de infraestructuras en el mar y eso significa que habr\u00e1 un impacto en el medio marino. Por eso, los y las bi\u00f3logas marinas intervienen al principio de un proyecto mar adentro para investigar el alcance del impacto, ya sea negativo (como el ruido marino producido durante la construcci\u00f3n) o positivo (como la creaci\u00f3n de nuevos h\u00e1bitats o refugios para especies marinas)  <\/li>\n<li>Buzo: Un buzo es como un alba\u00f1il que desempe\u00f1a su trabajo bajo el agua. Al igual que en las construcciones en tierra, los proyectos en alta mar necesitan trabajos habituales como soldar, instalar o reparar cables, pero bajo el agua. Los buzos est\u00e1n formados para realizar todos estos trabajos bajo la superficie.  <\/li>\n<li>Experto-a en ordenaci\u00f3n del espacio mar\u00edtimo: Antes de iniciar un proyecto en alta mar, alguien debe decirnos d\u00f3nde se puede desarrollar; donde el proyecto no cause problemas a los ciudadanos, la naturaleza, las aves, etc. Esto requiere una buena planificaci\u00f3n. Y ese es el trabajo de los y las expertas en ordenaci\u00f3n del espacio mar\u00edtimo, que suelen ayudar a los gobiernos a cartografiar el mar y elaborar un plan sobre c\u00f3mo utilizarlo para distintas actividades, como navegar por las mejores rutas mar\u00edtimas, pescar o desarrollar estructuras de energ\u00edas renovables mar adentro. Todo ello protegiendo la biodiversidad y el medio marino.    <\/li>\n<\/ul>\n<h3>M\u00e1s informaci\u00f3n<\/h3>\n<p>Si quieres aprender m\u00e1s sobre estas profesiones, consulta los materiales desarrollados dentro del proyecto FLORES, para descubrir m\u00e1s detalles sobre las profesiones en el sector ORE.<\/p>\n<ul>\n<li><a href=\"https:\/\/www.youtube.com\/playlist?list=PLvRZjZg2ZYyCI8KQbURfxMwfLj6WCSX9x\">See the interview series with people working in the offshore sector<\/a><\/li>\n<li><a href=\"https:\/\/oreskills.eu\/wp-content\/uploads\/2024\/05\/Cards-brochure-EN-online.pdf\">Play the FLORES card game<\/a><\/li>\n<\/ul>\n","protected":false},"excerpt":{"rendered":"<p>\u00bfC\u00f3mo son los trabajos en el \u00e1mbito de las energ\u00edas renovables marinas (ORE) En la econom\u00eda mundial interconectada de hoy en d\u00eda, las oportunidades de empleo en alta mar han adquirido importancia en muchos sectores, y especialmente en el de las energ\u00edas renovables en alta mar. Los puestos de trabajo en alta mar suelen situarse &#8230; <a title=\"Perfiles profesionales ORE\" class=\"read-more\" href=\"https:\/\/oreskills.eu\/es\/perfiles-profesionales-ore\/\" aria-label=\"Leer m\u00e1s sobre Perfiles profesionales ORE\">Leer m\u00e1s<\/a><\/p>\n","protected":false},"author":2,"featured_media":0,"parent":0,"menu_order":0,"comment_status":"closed","ping_status":"closed","template":"elementor_header_footer","meta":{"_acf_changed":false,"footnotes":""},"class_list":["post-4711","page","type-page","status-publish"],"acf":[],"_links":{"self":[{"href":"https:\/\/oreskills.eu\/es\/wp-json\/wp\/v2\/pages\/4711","targetHints":{"allow":["GET"]}}],"collection":[{"href":"https:\/\/oreskills.eu\/es\/wp-json\/wp\/v2\/pages"}],"about":[{"href":"https:\/\/oreskills.eu\/es\/wp-json\/wp\/v2\/types\/page"}],"author":[{"embeddable":true,"href":"https:\/\/oreskills.eu\/es\/wp-json\/wp\/v2\/users\/2"}],"replies":[{"embeddable":true,"href":"https:\/\/oreskills.eu\/es\/wp-json\/wp\/v2\/comments?post=4711"}],"version-history":[{"count":0,"href":"https:\/\/oreskills.eu\/es\/wp-json\/wp\/v2\/pages\/4711\/revisions"}],"wp:attachment":[{"href":"https:\/\/oreskills.eu\/es\/wp-json\/wp\/v2\/media?parent=4711"}],"curies":[{"name":"wp","href":"https:\/\/api.w.org\/{rel}","templated":true}]}}