{"id":3009,"date":"2023-03-28T09:00:29","date_gmt":"2023-03-28T07:00:29","guid":{"rendered":"https:\/\/oreskills.eu\/acerca-de\/resumen-del-proyecto\/"},"modified":"2023-08-30T10:56:55","modified_gmt":"2023-08-30T08:56:55","slug":"resumen-del-proyecto","status":"publish","type":"page","link":"https:\/\/oreskills.eu\/es\/acerca-de\/resumen-del-proyecto\/","title":{"rendered":"Resumen del proyecto"},"content":{"rendered":"\t\t<div data-elementor-type=\"wp-page\" data-elementor-id=\"3009\" class=\"elementor elementor-3009 elementor-1769\" data-elementor-post-type=\"page\">\n\t\t\t\t\t\t<section class=\"elementor-section elementor-top-section elementor-element elementor-element-4252223 elementor-section-full_width elementor-section-height-min-height elementor-section-height-default elementor-section-items-middle\" data-id=\"4252223\" data-element_type=\"section\" data-settings=\"{&quot;background_background&quot;:&quot;classic&quot;,&quot;jet_parallax_layout_list&quot;:[]}\">\n\t\t\t\t\t\t<div class=\"elementor-container elementor-column-gap-default\">\n\t\t\t\t\t<div class=\"elementor-column elementor-col-100 elementor-top-column elementor-element elementor-element-66b2acfe\" data-id=\"66b2acfe\" data-element_type=\"column\">\n\t\t\t<div class=\"elementor-widget-wrap elementor-element-populated\">\n\t\t\t\t\t\t<div class=\"elementor-element elementor-element-28f93c03 animated-slow elementor-invisible elementor-widget elementor-widget-heading\" data-id=\"28f93c03\" data-element_type=\"widget\" data-settings=\"{&quot;_animation&quot;:&quot;fadeIn&quot;}\" data-widget_type=\"heading.default\">\n\t\t\t\t<div class=\"elementor-widget-container\">\n\t\t\t<h2 class=\"elementor-heading-title elementor-size-default\">Resumen del proyecto<\/h2>\t\t<\/div>\n\t\t\t\t<\/div>\n\t\t\t\t\t<\/div>\n\t\t<\/div>\n\t\t\t\t\t<\/div>\n\t\t<\/section>\n\t\t\t\t<section class=\"elementor-section elementor-top-section elementor-element elementor-element-824718c elementor-section-boxed elementor-section-height-default elementor-section-height-default\" data-id=\"824718c\" data-element_type=\"section\" data-settings=\"{&quot;jet_parallax_layout_list&quot;:[],&quot;background_background&quot;:&quot;classic&quot;}\">\n\t\t\t\t\t\t<div class=\"elementor-container elementor-column-gap-default\">\n\t\t\t\t\t<div class=\"elementor-column elementor-col-100 elementor-top-column elementor-element elementor-element-2e25fed9\" data-id=\"2e25fed9\" data-element_type=\"column\">\n\t\t\t<div class=\"elementor-widget-wrap elementor-element-populated\">\n\t\t\t\t\t\t<div class=\"elementor-element elementor-element-8a5d799 elementor-widget elementor-widget-heading\" data-id=\"8a5d799\" data-element_type=\"widget\" data-widget_type=\"heading.default\">\n\t\t\t\t<div class=\"elementor-widget-container\">\n\t\t\t<h2 class=\"elementor-heading-title elementor-size-default\">FLORES de un vistazo<\/h2>\t\t<\/div>\n\t\t\t\t<\/div>\n\t\t\t\t<section class=\"elementor-section elementor-inner-section elementor-element elementor-element-6a45a55a elementor-section-boxed elementor-section-height-default elementor-section-height-default\" data-id=\"6a45a55a\" data-element_type=\"section\" data-settings=\"{&quot;jet_parallax_layout_list&quot;:[]}\">\n\t\t\t\t\t\t<div class=\"elementor-container elementor-column-gap-default\">\n\t\t\t\t\t<div class=\"elementor-column elementor-col-33 elementor-inner-column elementor-element elementor-element-35bc9d03\" data-id=\"35bc9d03\" data-element_type=\"column\">\n\t\t\t<div class=\"elementor-widget-wrap elementor-element-populated\">\n\t\t\t\t\t\t<div class=\"elementor-element elementor-element-5c12a4b elementor-widget elementor-widget-heading\" data-id=\"5c12a4b\" data-element_type=\"widget\" data-widget_type=\"heading.default\">\n\t\t\t\t<div class=\"elementor-widget-container\">\n\t\t\t<h2 class=\"elementor-heading-title elementor-size-default\">PROGRAMA:<\/h2>\t\t<\/div>\n\t\t\t\t<\/div>\n\t\t\t\t\t<\/div>\n\t\t<\/div>\n\t\t\t\t<div class=\"elementor-column elementor-col-33 elementor-inner-column elementor-element elementor-element-2bd5e551\" data-id=\"2bd5e551\" data-element_type=\"column\">\n\t\t\t<div class=\"elementor-widget-wrap elementor-element-populated\">\n\t\t\t\t\t\t<div class=\"elementor-element elementor-element-58337284 elementor-widget elementor-widget-heading\" data-id=\"58337284\" data-element_type=\"widget\" data-widget_type=\"heading.default\">\n\t\t\t\t<div class=\"elementor-widget-container\">\n\t\t\t<h2 class=\"elementor-heading-title elementor-size-default\">Erasmus+<\/h2>\t\t<\/div>\n\t\t\t\t<\/div>\n\t\t\t\t\t<\/div>\n\t\t<\/div>\n\t\t\t\t<div class=\"elementor-column elementor-col-33 elementor-inner-column elementor-element elementor-element-2eb324cf\" data-id=\"2eb324cf\" data-element_type=\"column\">\n\t\t\t<div class=\"elementor-widget-wrap elementor-element-populated\">\n\t\t\t\t\t\t<div class=\"elementor-element elementor-element-3aae299c elementor-widget elementor-widget-spacer\" data-id=\"3aae299c\" data-element_type=\"widget\" data-widget_type=\"spacer.default\">\n\t\t\t\t<div class=\"elementor-widget-container\">\n\t\t\t\t\t<div class=\"elementor-spacer\">\n\t\t\t<div class=\"elementor-spacer-inner\"><\/div>\n\t\t<\/div>\n\t\t\t\t<\/div>\n\t\t\t\t<\/div>\n\t\t\t\t\t<\/div>\n\t\t<\/div>\n\t\t\t\t\t<\/div>\n\t\t<\/section>\n\t\t\t\t<section class=\"elementor-section elementor-inner-section elementor-element elementor-element-7e546bce elementor-section-boxed elementor-section-height-default elementor-section-height-default\" data-id=\"7e546bce\" data-element_type=\"section\" data-settings=\"{&quot;jet_parallax_layout_list&quot;:[]}\">\n\t\t\t\t\t\t<div class=\"elementor-container elementor-column-gap-default\">\n\t\t\t\t\t<div class=\"elementor-column elementor-col-33 elementor-inner-column elementor-element elementor-element-7cd05411\" data-id=\"7cd05411\" data-element_type=\"column\">\n\t\t\t<div class=\"elementor-widget-wrap elementor-element-populated\">\n\t\t\t\t\t\t<div class=\"elementor-element elementor-element-43972ced elementor-widget elementor-widget-heading\" data-id=\"43972ced\" data-element_type=\"widget\" data-widget_type=\"heading.default\">\n\t\t\t\t<div class=\"elementor-widget-container\">\n\t\t\t<h2 class=\"elementor-heading-title elementor-size-default\">TIPO DE ACCI\u00d3N:<\/h2>\t\t<\/div>\n\t\t\t\t<\/div>\n\t\t\t\t\t<\/div>\n\t\t<\/div>\n\t\t\t\t<div class=\"elementor-column elementor-col-33 elementor-inner-column elementor-element elementor-element-147052fa\" data-id=\"147052fa\" data-element_type=\"column\">\n\t\t\t<div class=\"elementor-widget-wrap elementor-element-populated\">\n\t\t\t\t\t\t<div class=\"elementor-element elementor-element-1b8c425b elementor-widget elementor-widget-heading\" data-id=\"1b8c425b\" data-element_type=\"widget\" data-widget_type=\"heading.default\">\n\t\t\t\t<div class=\"elementor-widget-container\">\n\t\t\t<h2 class=\"elementor-heading-title elementor-size-default\">ERASMUS-LS ERASMUS Lump Sum Grants (subvenciones a tanto alzado)<\/h2>\t\t<\/div>\n\t\t\t\t<\/div>\n\t\t\t\t\t<\/div>\n\t\t<\/div>\n\t\t\t\t<div class=\"elementor-column elementor-col-33 elementor-inner-column elementor-element elementor-element-7c9ce277\" data-id=\"7c9ce277\" data-element_type=\"column\">\n\t\t\t<div class=\"elementor-widget-wrap elementor-element-populated\">\n\t\t\t\t\t\t<div class=\"elementor-element elementor-element-dce8ff0 elementor-widget elementor-widget-spacer\" data-id=\"dce8ff0\" data-element_type=\"widget\" data-widget_type=\"spacer.default\">\n\t\t\t\t<div class=\"elementor-widget-container\">\n\t\t\t\t\t<div class=\"elementor-spacer\">\n\t\t\t<div class=\"elementor-spacer-inner\"><\/div>\n\t\t<\/div>\n\t\t\t\t<\/div>\n\t\t\t\t<\/div>\n\t\t\t\t\t<\/div>\n\t\t<\/div>\n\t\t\t\t\t<\/div>\n\t\t<\/section>\n\t\t\t\t<section class=\"elementor-section elementor-inner-section elementor-element elementor-element-6b9c8f6d elementor-section-boxed elementor-section-height-default elementor-section-height-default\" data-id=\"6b9c8f6d\" data-element_type=\"section\" data-settings=\"{&quot;jet_parallax_layout_list&quot;:[]}\">\n\t\t\t\t\t\t<div class=\"elementor-container elementor-column-gap-default\">\n\t\t\t\t\t<div class=\"elementor-column elementor-col-33 elementor-inner-column elementor-element elementor-element-6d62f400\" data-id=\"6d62f400\" data-element_type=\"column\">\n\t\t\t<div class=\"elementor-widget-wrap elementor-element-populated\">\n\t\t\t\t\t\t<div class=\"elementor-element elementor-element-1157276a elementor-widget elementor-widget-heading\" data-id=\"1157276a\" data-element_type=\"widget\" data-widget_type=\"heading.default\">\n\t\t\t\t<div class=\"elementor-widget-container\">\n\t\t\t<h2 class=\"elementor-heading-title elementor-size-default\">PRESUPUESTO TOTAL:<\/h2>\t\t<\/div>\n\t\t\t\t<\/div>\n\t\t\t\t\t<\/div>\n\t\t<\/div>\n\t\t\t\t<div class=\"elementor-column elementor-col-33 elementor-inner-column elementor-element elementor-element-36b749e4\" data-id=\"36b749e4\" data-element_type=\"column\">\n\t\t\t<div class=\"elementor-widget-wrap elementor-element-populated\">\n\t\t\t\t\t\t<div class=\"elementor-element elementor-element-6078eeaa elementor-widget elementor-widget-heading\" data-id=\"6078eeaa\" data-element_type=\"widget\" data-widget_type=\"heading.default\">\n\t\t\t\t<div class=\"elementor-widget-container\">\n\t\t\t<h2 class=\"elementor-heading-title elementor-size-default\">700 000 \u20ac<\/h2>\t\t<\/div>\n\t\t\t\t<\/div>\n\t\t\t\t\t<\/div>\n\t\t<\/div>\n\t\t\t\t<div class=\"elementor-column elementor-col-33 elementor-inner-column elementor-element elementor-element-7b1ef5a9\" data-id=\"7b1ef5a9\" data-element_type=\"column\">\n\t\t\t<div class=\"elementor-widget-wrap elementor-element-populated\">\n\t\t\t\t\t\t<div class=\"elementor-element elementor-element-60e2c718 elementor-widget elementor-widget-spacer\" data-id=\"60e2c718\" data-element_type=\"widget\" data-widget_type=\"spacer.default\">\n\t\t\t\t<div class=\"elementor-widget-container\">\n\t\t\t\t\t<div class=\"elementor-spacer\">\n\t\t\t<div class=\"elementor-spacer-inner\"><\/div>\n\t\t<\/div>\n\t\t\t\t<\/div>\n\t\t\t\t<\/div>\n\t\t\t\t\t<\/div>\n\t\t<\/div>\n\t\t\t\t\t<\/div>\n\t\t<\/section>\n\t\t\t\t<section class=\"elementor-section elementor-inner-section elementor-element elementor-element-75ac96f7 elementor-section-boxed elementor-section-height-default elementor-section-height-default\" data-id=\"75ac96f7\" data-element_type=\"section\" data-settings=\"{&quot;jet_parallax_layout_list&quot;:[]}\">\n\t\t\t\t\t\t<div class=\"elementor-container elementor-column-gap-default\">\n\t\t\t\t\t<div class=\"elementor-column elementor-col-33 elementor-inner-column elementor-element elementor-element-6aada53d\" data-id=\"6aada53d\" data-element_type=\"column\">\n\t\t\t<div class=\"elementor-widget-wrap elementor-element-populated\">\n\t\t\t\t\t\t<div class=\"elementor-element elementor-element-4adc32b elementor-widget elementor-widget-heading\" data-id=\"4adc32b\" data-element_type=\"widget\" data-widget_type=\"heading.default\">\n\t\t\t\t<div class=\"elementor-widget-container\">\n\t\t\t<h2 class=\"elementor-heading-title elementor-size-default\">DURACI\u00d3N:<\/h2>\t\t<\/div>\n\t\t\t\t<\/div>\n\t\t\t\t\t<\/div>\n\t\t<\/div>\n\t\t\t\t<div class=\"elementor-column elementor-col-33 elementor-inner-column elementor-element elementor-element-361361fa\" data-id=\"361361fa\" data-element_type=\"column\">\n\t\t\t<div class=\"elementor-widget-wrap elementor-element-populated\">\n\t\t\t\t\t\t<div class=\"elementor-element elementor-element-2e6b9035 elementor-widget elementor-widget-heading\" data-id=\"2e6b9035\" data-element_type=\"widget\" data-widget_type=\"heading.default\">\n\t\t\t\t<div class=\"elementor-widget-container\">\n\t\t\t<h2 class=\"elementor-heading-title elementor-size-default\">Enero 2023 - Diciembre 2024 (24 meses)<\/h2>\t\t<\/div>\n\t\t\t\t<\/div>\n\t\t\t\t\t<\/div>\n\t\t<\/div>\n\t\t\t\t<div class=\"elementor-column elementor-col-33 elementor-inner-column elementor-element elementor-element-73357893\" data-id=\"73357893\" data-element_type=\"column\">\n\t\t\t<div class=\"elementor-widget-wrap elementor-element-populated\">\n\t\t\t\t\t\t<div class=\"elementor-element elementor-element-34bda222 elementor-widget elementor-widget-spacer\" data-id=\"34bda222\" data-element_type=\"widget\" data-widget_type=\"spacer.default\">\n\t\t\t\t<div class=\"elementor-widget-container\">\n\t\t\t\t\t<div class=\"elementor-spacer\">\n\t\t\t<div class=\"elementor-spacer-inner\"><\/div>\n\t\t<\/div>\n\t\t\t\t<\/div>\n\t\t\t\t<\/div>\n\t\t\t\t\t<\/div>\n\t\t<\/div>\n\t\t\t\t\t<\/div>\n\t\t<\/section>\n\t\t\t\t<section class=\"elementor-section elementor-inner-section elementor-element elementor-element-638caa67 elementor-section-boxed elementor-section-height-default elementor-section-height-default\" data-id=\"638caa67\" data-element_type=\"section\" data-settings=\"{&quot;jet_parallax_layout_list&quot;:[]}\">\n\t\t\t\t\t\t<div class=\"elementor-container elementor-column-gap-default\">\n\t\t\t\t\t<div class=\"elementor-column elementor-col-33 elementor-inner-column elementor-element elementor-element-427cfbdd\" data-id=\"427cfbdd\" data-element_type=\"column\">\n\t\t\t<div class=\"elementor-widget-wrap elementor-element-populated\">\n\t\t\t\t\t\t<div class=\"elementor-element elementor-element-679a568a elementor-widget elementor-widget-heading\" data-id=\"679a568a\" data-element_type=\"widget\" data-widget_type=\"heading.default\">\n\t\t\t\t<div class=\"elementor-widget-container\">\n\t\t\t<h2 class=\"elementor-heading-title elementor-size-default\">COORDINADOR:<\/h2>\t\t<\/div>\n\t\t\t\t<\/div>\n\t\t\t\t\t<\/div>\n\t\t<\/div>\n\t\t\t\t<div class=\"elementor-column elementor-col-33 elementor-inner-column elementor-element elementor-element-3bf20791\" data-id=\"3bf20791\" data-element_type=\"column\">\n\t\t\t<div class=\"elementor-widget-wrap elementor-element-populated\">\n\t\t\t\t\t\t<div class=\"elementor-element elementor-element-145503ec elementor-widget elementor-widget-heading\" data-id=\"145503ec\" data-element_type=\"widget\" data-widget_type=\"heading.default\">\n\t\t\t\t<div class=\"elementor-widget-container\">\n\t\t\t<h2 class=\"elementor-heading-title elementor-size-default\">Centro Tecnol\u00f3gico del Mar (Fundaci\u00f3n CETMAR), Espa\u00f1a<\/h2>\t\t<\/div>\n\t\t\t\t<\/div>\n\t\t\t\t\t<\/div>\n\t\t<\/div>\n\t\t\t\t<div class=\"elementor-column elementor-col-33 elementor-inner-column elementor-element elementor-element-2825b40\" data-id=\"2825b40\" data-element_type=\"column\">\n\t\t\t<div class=\"elementor-widget-wrap elementor-element-populated\">\n\t\t\t\t\t\t<div class=\"elementor-element elementor-element-5ccce119 elementor-widget elementor-widget-spacer\" data-id=\"5ccce119\" data-element_type=\"widget\" data-widget_type=\"spacer.default\">\n\t\t\t\t<div class=\"elementor-widget-container\">\n\t\t\t\t\t<div class=\"elementor-spacer\">\n\t\t\t<div class=\"elementor-spacer-inner\"><\/div>\n\t\t<\/div>\n\t\t\t\t<\/div>\n\t\t\t\t<\/div>\n\t\t\t\t\t<\/div>\n\t\t<\/div>\n\t\t\t\t\t<\/div>\n\t\t<\/section>\n\t\t\t\t<section class=\"elementor-section elementor-inner-section elementor-element elementor-element-4c2dffd3 elementor-section-boxed elementor-section-height-default elementor-section-height-default\" data-id=\"4c2dffd3\" data-element_type=\"section\" data-settings=\"{&quot;jet_parallax_layout_list&quot;:[]}\">\n\t\t\t\t\t\t<div class=\"elementor-container elementor-column-gap-default\">\n\t\t\t\t\t<div class=\"elementor-column elementor-col-33 elementor-inner-column elementor-element elementor-element-74a7caa4\" data-id=\"74a7caa4\" data-element_type=\"column\">\n\t\t\t<div class=\"elementor-widget-wrap elementor-element-populated\">\n\t\t\t\t\t\t<div class=\"elementor-element elementor-element-c58f91c elementor-widget elementor-widget-heading\" data-id=\"c58f91c\" data-element_type=\"widget\" data-widget_type=\"heading.default\">\n\t\t\t\t<div class=\"elementor-widget-container\">\n\t\t\t<h2 class=\"elementor-heading-title elementor-size-default\">CONSORCIO:<\/h2>\t\t<\/div>\n\t\t\t\t<\/div>\n\t\t\t\t\t<\/div>\n\t\t<\/div>\n\t\t\t\t<div class=\"elementor-column elementor-col-33 elementor-inner-column elementor-element elementor-element-679c522a\" data-id=\"679c522a\" data-element_type=\"column\">\n\t\t\t<div class=\"elementor-widget-wrap elementor-element-populated\">\n\t\t\t\t\t\t<div class=\"elementor-element elementor-element-75dd5e84 elementor-widget elementor-widget-heading\" data-id=\"75dd5e84\" data-element_type=\"widget\" data-widget_type=\"heading.default\">\n\t\t\t\t<div class=\"elementor-widget-container\">\n\t\t\t<h2 class=\"elementor-heading-title elementor-size-default\">15 socios de 8 pa\u00edses<\/h2>\t\t<\/div>\n\t\t\t\t<\/div>\n\t\t\t\t\t<\/div>\n\t\t<\/div>\n\t\t\t\t<div class=\"elementor-column elementor-col-33 elementor-inner-column elementor-element elementor-element-2fb7a46c\" data-id=\"2fb7a46c\" data-element_type=\"column\">\n\t\t\t<div class=\"elementor-widget-wrap elementor-element-populated\">\n\t\t\t\t\t\t<div class=\"elementor-element elementor-element-7a4e657c elementor-widget elementor-widget-spacer\" data-id=\"7a4e657c\" data-element_type=\"widget\" data-widget_type=\"spacer.default\">\n\t\t\t\t<div class=\"elementor-widget-container\">\n\t\t\t\t\t<div class=\"elementor-spacer\">\n\t\t\t<div class=\"elementor-spacer-inner\"><\/div>\n\t\t<\/div>\n\t\t\t\t<\/div>\n\t\t\t\t<\/div>\n\t\t\t\t\t<\/div>\n\t\t<\/div>\n\t\t\t\t\t<\/div>\n\t\t<\/section>\n\t\t\t\t<div class=\"elementor-element elementor-element-5f6ba6de elementor-widget elementor-widget-heading\" data-id=\"5f6ba6de\" data-element_type=\"widget\" data-widget_type=\"heading.default\">\n\t\t\t\t<div class=\"elementor-widget-container\">\n\t\t\t<h2 class=\"elementor-heading-title elementor-size-default\">Objetivos<\/h2>\t\t<\/div>\n\t\t\t\t<\/div>\n\t\t\t\t<div class=\"elementor-element elementor-element-34efde26 elementor-widget elementor-widget-text-editor\" data-id=\"34efde26\" data-element_type=\"widget\" data-widget_type=\"text-editor.default\">\n\t\t\t\t<div class=\"elementor-widget-container\">\n\t\t\t\t\t\t\t<p>Forward Looking at the Offshore Renewables (FLORES) promover\u00e1 la actividad central del consorcio a gran escala que impulsa el Pacto por las Capacidades en el sector de las energ\u00edas renovables marinas.<\/p><div><div>FLORES apoyar\u00e1 a las organizaciones m\u00e1s comprometidas en el sector de las energ\u00edas renovables marinas a trav\u00e9s del est\u00edmulo de la oferta formativa, respaldando el \u00e9xito de la estrategia para la energ\u00eda renovable marina. La asociaci\u00f3n promover\u00e1 el proceso de adquisici\u00f3n de competencias para los nuevos puestos de trabajo previstos en el sector, estimados entre 20 000 y 54 000 en los pr\u00f3ximos cinco a\u00f1os, al tiempo que contribuir\u00e1 a mejorar las oportunidades de capacitaci\u00f3n de la mano de obra actual en eeste \u00e1rea profesional.<\/div><\/div><div>\u00a0<\/div><p>Las actividades de an\u00e1lisis de necesidades formativas identificar\u00e1n y priorizar\u00e1n las acciones m\u00e1s relevantes en el proceso de desarrollo de capacidades. Para ello se tendr\u00e1n en consideraci\u00f3n tanto los r\u00e1pidos y complejos cambios que se est\u00e1n produciendo en este ecosistema industrial en la actualidad, como aquellos cambios que a\u00fan est\u00e1n por llegar, especialmente en lo que respecta a las tecnolog\u00edas nuevas y emergentes. Bas\u00e1ndose en la visi\u00f3n de la industria del sector, se revisar\u00e1n los perfiles profesionales de la cadena de valor de las energ\u00edas renovables marinas, lo que contribuir\u00e1 a la actualizaci\u00f3n continua de la\u00a0<span style=\"text-decoration: underline;\"><a href=\"https:\/\/esco.ec.europa.eu\/es\" target=\"_blank\" rel=\"noopener\">base de datos ESCO<\/a>.<\/span><\/p><div>\u00a0<\/div><p>Los procesos necesarios de reconversi\u00f3n y mejora de las competencias se ver\u00e1n estimulados por los enfoques innovadores de FLORES en materia de aprendizaje continuo, con el desarrollo de herramientas espec\u00edficas de apoyo a las ofertas de formaci\u00f3n existentes en el sector de las energ\u00edas renovables marinas, y el f\u00e1cil acceso a los materiales de formaci\u00f3n existentes.<\/p><p>Se elaborar\u00e1 un conjunto de materiales did\u00e1cticos multiling\u00fces para promover la cultura oce\u00e1nica y divulgaci\u00f3n de las ciencias del mar, presentando las oportunidades profesionales y laborales en el sector europeo de las energ\u00edas renovables marinas, haci\u00e9ndolas m\u00e1s atractivas, especialmente para los j\u00f3venes y las mujeres.<\/p><p>Adem\u00e1s, adoptando un enfoque ascendente, FLORES desarrollar\u00e1 cuatro acciones piloto regionales adaptadas a las distintas necesidades de las cuencas mar\u00edtimas europeas del Atl\u00e1ntico, el B\u00e1ltico y el Mediterr\u00e1neo. Estas acciones piloto constituir\u00e1n el germen de futuros grupos de trabajo espejo en lel consorcio a gran escala que pondr\u00e1 en marcha el Pacto por las Capacidades en el sector de las energ\u00edas renovables marinas.<\/p>\t\t\t\t\t\t<\/div>\n\t\t\t\t<\/div>\n\t\t\t\t\t<\/div>\n\t\t<\/div>\n\t\t\t\t\t<\/div>\n\t\t<\/section>\n\t\t\t\t<\/div>\n\t\t","protected":false},"excerpt":{"rendered":"<p>Resumen del proyecto FLORES de un vistazo PROGRAMA: Erasmus+ TIPO DE ACCI\u00d3N: ERASMUS-LS ERASMUS Lump Sum Grants (subvenciones a tanto alzado) PRESUPUESTO TOTAL: 700 000 \u20ac DURACI\u00d3N: Enero 2023 &#8211; Diciembre 2024 (24 meses) COORDINADOR: Centro Tecnol\u00f3gico del Mar (Fundaci\u00f3n CETMAR), Espa\u00f1a CONSORCIO: 15 socios de 8 pa\u00edses Objetivos Forward Looking at the Offshore Renewables &#8230; <a title=\"Resumen del proyecto\" class=\"read-more\" href=\"https:\/\/oreskills.eu\/es\/acerca-de\/resumen-del-proyecto\/\" aria-label=\"Leer m\u00e1s sobre Resumen del proyecto\">Leer m\u00e1s<\/a><\/p>\n","protected":false},"author":1,"featured_media":0,"parent":2989,"menu_order":0,"comment_status":"closed","ping_status":"closed","template":"elementor_header_footer","meta":{"_acf_changed":false,"footnotes":""},"class_list":["post-3009","page","type-page","status-publish"],"acf":[],"_links":{"self":[{"href":"https:\/\/oreskills.eu\/es\/wp-json\/wp\/v2\/pages\/3009","targetHints":{"allow":["GET"]}}],"collection":[{"href":"https:\/\/oreskills.eu\/es\/wp-json\/wp\/v2\/pages"}],"about":[{"href":"https:\/\/oreskills.eu\/es\/wp-json\/wp\/v2\/types\/page"}],"author":[{"embeddable":true,"href":"https:\/\/oreskills.eu\/es\/wp-json\/wp\/v2\/users\/1"}],"replies":[{"embeddable":true,"href":"https:\/\/oreskills.eu\/es\/wp-json\/wp\/v2\/comments?post=3009"}],"version-history":[{"count":0,"href":"https:\/\/oreskills.eu\/es\/wp-json\/wp\/v2\/pages\/3009\/revisions"}],"up":[{"embeddable":true,"href":"https:\/\/oreskills.eu\/es\/wp-json\/wp\/v2\/pages\/2989"}],"wp:attachment":[{"href":"https:\/\/oreskills.eu\/es\/wp-json\/wp\/v2\/media?parent=3009"}],"curies":[{"name":"wp","href":"https:\/\/api.w.org\/{rel}","templated":true}]}}