{"id":3003,"date":"2023-03-18T23:30:34","date_gmt":"2023-03-18T22:30:34","guid":{"rendered":"https:\/\/oreskills.eu\/acerca-de\/consorcio\/"},"modified":"2023-06-16T11:18:29","modified_gmt":"2023-06-16T09:18:29","slug":"consorcio","status":"publish","type":"page","link":"https:\/\/oreskills.eu\/es\/acerca-de\/consorcio\/","title":{"rendered":"Consorcio"},"content":{"rendered":"\t\t<div data-elementor-type=\"wp-page\" data-elementor-id=\"3003\" class=\"elementor elementor-3003 elementor-750\" data-elementor-post-type=\"page\">\n\t\t\t\t\t\t<section class=\"elementor-section elementor-top-section elementor-element elementor-element-9f2939d elementor-section-full_width elementor-section-height-min-height elementor-section-height-default elementor-section-items-middle\" data-id=\"9f2939d\" data-element_type=\"section\" data-settings=\"{&quot;background_background&quot;:&quot;classic&quot;,&quot;jet_parallax_layout_list&quot;:[]}\">\n\t\t\t\t\t\t<div class=\"elementor-container elementor-column-gap-default\">\n\t\t\t\t\t<div class=\"elementor-column elementor-col-100 elementor-top-column elementor-element elementor-element-eb6e741\" data-id=\"eb6e741\" data-element_type=\"column\">\n\t\t\t<div class=\"elementor-widget-wrap elementor-element-populated\">\n\t\t\t\t\t\t<div class=\"elementor-element elementor-element-5d4d659 animated-slow elementor-invisible elementor-widget elementor-widget-heading\" data-id=\"5d4d659\" data-element_type=\"widget\" data-settings=\"{&quot;_animation&quot;:&quot;fadeIn&quot;}\" data-widget_type=\"heading.default\">\n\t\t\t\t<div class=\"elementor-widget-container\">\n\t\t\t<h2 class=\"elementor-heading-title elementor-size-default\">CONSORCIO<\/h2>\t\t<\/div>\n\t\t\t\t<\/div>\n\t\t\t\t\t<\/div>\n\t\t<\/div>\n\t\t\t\t\t<\/div>\n\t\t<\/section>\n\t\t\t\t<section class=\"elementor-section elementor-top-section elementor-element elementor-element-a2f79a3 elementor-section-full_width elementor-section-height-default elementor-section-height-default\" data-id=\"a2f79a3\" data-element_type=\"section\" id=\"interactive-map\" data-settings=\"{&quot;jet_parallax_layout_list&quot;:[],&quot;background_background&quot;:&quot;classic&quot;}\">\n\t\t\t\t\t\t<div class=\"elementor-container elementor-column-gap-default\">\n\t\t\t\t\t<div class=\"elementor-column elementor-col-100 elementor-top-column elementor-element elementor-element-11a5acb\" data-id=\"11a5acb\" data-element_type=\"column\">\n\t\t\t<div class=\"elementor-widget-wrap elementor-element-populated\">\n\t\t\t\t\t\t<div class=\"elementor-element elementor-element-64f81f8 elementor-widget__width-initial elementor-widget elementor-widget-heading\" data-id=\"64f81f8\" data-element_type=\"widget\" data-widget_type=\"heading.default\">\n\t\t\t\t<div class=\"elementor-widget-container\">\n\t\t\t<p class=\"elementor-heading-title elementor-size-default\">15 socios de 8 pa\u00edses trabajan juntos en el proyecto FLORES para ejecutar una financiaci\u00f3n de 700 000 euros de Erasmus+ a trav\u00e9s de la Agencia Ejecutiva Europea de Educaci\u00f3n y Cultura (EACEA). <\/p>\t\t<\/div>\n\t\t\t\t<\/div>\n\t\t\t\t<div class=\"elementor-element elementor-element-d2cf6f4 elementor-pagination-position-outside elementor-widget elementor-widget-image-carousel\" data-id=\"d2cf6f4\" data-element_type=\"widget\" data-settings=\"{&quot;slides_to_show&quot;:&quot;10&quot;,&quot;slides_to_scroll&quot;:&quot;1&quot;,&quot;navigation&quot;:&quot;dots&quot;,&quot;image_spacing_custom&quot;:{&quot;unit&quot;:&quot;px&quot;,&quot;size&quot;:50,&quot;sizes&quot;:[]},&quot;slides_to_show_laptop&quot;:&quot;6&quot;,&quot;slides_to_show_tablet&quot;:&quot;4&quot;,&quot;slides_to_show_mobile&quot;:&quot;2&quot;,&quot;pause_on_hover&quot;:&quot;no&quot;,&quot;autoplay_speed&quot;:2000,&quot;autoplay&quot;:&quot;yes&quot;,&quot;pause_on_interaction&quot;:&quot;yes&quot;,&quot;infinite&quot;:&quot;yes&quot;,&quot;speed&quot;:500,&quot;image_spacing_custom_laptop&quot;:{&quot;unit&quot;:&quot;px&quot;,&quot;size&quot;:&quot;&quot;,&quot;sizes&quot;:[]},&quot;image_spacing_custom_tablet&quot;:{&quot;unit&quot;:&quot;px&quot;,&quot;size&quot;:&quot;&quot;,&quot;sizes&quot;:[]},&quot;image_spacing_custom_mobile&quot;:{&quot;unit&quot;:&quot;px&quot;,&quot;size&quot;:&quot;&quot;,&quot;sizes&quot;:[]}}\" data-widget_type=\"image-carousel.default\">\n\t\t\t\t<div class=\"elementor-widget-container\">\n\t\t\t\t\t<div class=\"elementor-image-carousel-wrapper swiper\" dir=\"ltr\">\n\t\t\t<div class=\"elementor-image-carousel swiper-wrapper\" aria-live=\"off\">\n\t\t\t\t\t\t\t\t<div class=\"swiper-slide\" role=\"group\" aria-roledescription=\"slide\" aria-label=\"1 de 15\"><figure class=\"swiper-slide-inner\"><img decoding=\"async\" class=\"swiper-slide-image\" src=\"https:\/\/oreskills.eu\/wp-content\/uploads\/2023\/03\/cetmar.svg\" alt=\"CETMAR\" \/><\/figure><\/div><div class=\"swiper-slide\" role=\"group\" aria-roledescription=\"slide\" aria-label=\"2 de 15\"><figure class=\"swiper-slide-inner\"><img decoding=\"async\" class=\"swiper-slide-image\" src=\"https:\/\/oreskills.eu\/wp-content\/uploads\/elementor\/thumbs\/Asime-logo-2020-rj3ge8yfea6rj7tbk9objnzifpgwtxt86e2jte5ips.png\" alt=\"asime\" \/><\/figure><\/div><div class=\"swiper-slide\" role=\"group\" aria-roledescription=\"slide\" aria-label=\"3 de 15\"><figure class=\"swiper-slide-inner\"><img decoding=\"async\" class=\"swiper-slide-image\" src=\"https:\/\/oreskills.eu\/wp-content\/uploads\/elementor\/thumbs\/03_Simbolo_logo_cor-rj3ge8yfea6rj7tbk9objnzifpgwtxt86e2jte5ips.png\" alt=\"Universidade da Coru\u00f1a\" \/><\/figure><\/div><div class=\"swiper-slide\" role=\"group\" aria-roledescription=\"slide\" aria-label=\"4 de 15\"><figure class=\"swiper-slide-inner\"><img decoding=\"async\" class=\"swiper-slide-image\" src=\"https:\/\/oreskills.eu\/wp-content\/uploads\/elementor\/thumbs\/certh6-rj3ge8yfea6rj7tbk9objnzifpgwtxt86e2jte5ips.jpg\" alt=\"CERTH\" \/><\/figure><\/div><div class=\"swiper-slide\" role=\"group\" aria-roledescription=\"slide\" aria-label=\"5 de 15\"><figure class=\"swiper-slide-inner\"><img decoding=\"async\" class=\"swiper-slide-image\" src=\"https:\/\/oreskills.eu\/wp-content\/uploads\/elementor\/thumbs\/WindEurope-Primary-RGB-rj3ge8yfea6rj7tbk9objnzifpgwtxt86e2jte5ips.jpg\" alt=\"Windeurope\" \/><\/figure><\/div><div class=\"swiper-slide\" role=\"group\" aria-roledescription=\"slide\" aria-label=\"6 de 15\"><figure class=\"swiper-slide-inner\"><img decoding=\"async\" class=\"swiper-slide-image\" src=\"https:\/\/oreskills.eu\/wp-content\/uploads\/elementor\/thumbs\/logo_UGent_EN_RGB_2400_color-rj3ge8yfea6rj7tbk9objnzifpgwtxt86e2jte5ips.png\" alt=\"GHENT\" \/><\/figure><\/div><div class=\"swiper-slide\" role=\"group\" aria-roledescription=\"slide\" aria-label=\"7 de 15\"><figure class=\"swiper-slide-inner\"><img decoding=\"async\" class=\"swiper-slide-image\" src=\"https:\/\/oreskills.eu\/wp-content\/uploads\/elementor\/thumbs\/logo-inversed-rj3ge8yfea6rj7tbk9objnzifpgwtxt86e2jte5ips.png\" alt=\"AQUALEX\" \/><\/figure><\/div><div class=\"swiper-slide\" role=\"group\" aria-roledescription=\"slide\" aria-label=\"8 de 15\"><figure class=\"swiper-slide-inner\"><img decoding=\"async\" class=\"swiper-slide-image\" src=\"https:\/\/oreskills.eu\/wp-content\/uploads\/2023\/03\/Deftiq-Logo-Blue.svg\" alt=\"deftiq\" \/><\/figure><\/div><div class=\"swiper-slide\" role=\"group\" aria-roledescription=\"slide\" aria-label=\"9 de 15\"><figure class=\"swiper-slide-inner\"><img decoding=\"async\" class=\"swiper-slide-image\" src=\"https:\/\/oreskills.eu\/wp-content\/uploads\/elementor\/thumbs\/BLUESPRING-logo-with-payoff-rj3ge8yfea6rj7tbk9objnzifpgwtxt86e2jte5ips.png\" alt=\"BLUESPRING logo-with-payoff\" \/><\/figure><\/div><div class=\"swiper-slide\" role=\"group\" aria-roledescription=\"slide\" aria-label=\"10 de 15\"><figure class=\"swiper-slide-inner\"><img decoding=\"async\" class=\"swiper-slide-image\" src=\"https:\/\/oreskills.eu\/wp-content\/uploads\/elementor\/thumbs\/SUBMARINER-Network_logo-rj3ge8yfea6rj7tbk9objnzifpgwtxt86e2jte5ips.png\" alt=\"SubMarinerNetwork\" \/><\/figure><\/div><div class=\"swiper-slide\" role=\"group\" aria-roledescription=\"slide\" aria-label=\"11 de 15\"><figure class=\"swiper-slide-inner\"><img decoding=\"async\" class=\"swiper-slide-image\" src=\"https:\/\/oreskills.eu\/wp-content\/uploads\/elementor\/thumbs\/mareTC-FVG-HR-rj3ge8yfea6rj7tbk9objnzifpgwtxt86e2jte5ips.jpg\" alt=\"mareTC FVG\" \/><\/figure><\/div><div class=\"swiper-slide\" role=\"group\" aria-roledescription=\"slide\" aria-label=\"12 de 15\"><figure class=\"swiper-slide-inner\"><img decoding=\"async\" class=\"swiper-slide-image\" src=\"https:\/\/oreskills.eu\/wp-content\/uploads\/elementor\/thumbs\/industriall-rj3ge8yfea6rj7tbk9objnzifpgwtxt86e2jte5ips.png\" alt=\"industriALL\" \/><\/figure><\/div><div class=\"swiper-slide\" role=\"group\" aria-roledescription=\"slide\" aria-label=\"13 de 15\"><figure class=\"swiper-slide-inner\"><img decoding=\"async\" class=\"swiper-slide-image\" src=\"https:\/\/oreskills.eu\/wp-content\/uploads\/elementor\/thumbs\/MarineBoard_logo_Europe_HR-scaled-rj3ge8yfea6rj7tbk9objnzifpgwtxt86e2jte5ips.jpg\" alt=\"European Marine Board\" \/><\/figure><\/div><div class=\"swiper-slide\" role=\"group\" aria-roledescription=\"slide\" aria-label=\"14 de 15\"><figure class=\"swiper-slide-inner\"><img decoding=\"async\" class=\"swiper-slide-image\" src=\"https:\/\/oreskills.eu\/wp-content\/uploads\/elementor\/thumbs\/CPMR-logo_square-rj3ge8yfea6rj7tbk9objnzifpgwtxt86e2jte5ips.png\" alt=\"CPMR logo_square\" \/><\/figure><\/div><div class=\"swiper-slide\" role=\"group\" aria-roledescription=\"slide\" aria-label=\"15 de 15\"><figure class=\"swiper-slide-inner\"><img decoding=\"async\" class=\"swiper-slide-image\" src=\"https:\/\/oreskills.eu\/wp-content\/uploads\/elementor\/thumbs\/LYCEE-FULGENCE-BIENVENUE-rj3ge8yfea6rj7tbk9objnzifpgwtxt86e2jte5ips.png\" alt=\"LYCEE FULGENCE BIENVENUE\" \/><\/figure><\/div>\t\t\t<\/div>\n\t\t\t\t\t\t\t\n\t\t\t\t\t\t\t\t\t<div class=\"swiper-pagination\"><\/div>\n\t\t\t\t\t\t\t\t\t<\/div>\n\t\t\t\t<\/div>\n\t\t\t\t<\/div>\n\t\t\t\t\t<\/div>\n\t\t<\/div>\n\t\t\t\t\t<\/div>\n\t\t<\/section>\n\t\t\t\t<section class=\"elementor-section elementor-top-section elementor-element elementor-element-03e682c elementor-section-boxed elementor-section-height-default elementor-section-height-default\" data-id=\"03e682c\" data-element_type=\"section\" data-settings=\"{&quot;jet_parallax_layout_list&quot;:[],&quot;background_background&quot;:&quot;classic&quot;}\">\n\t\t\t\t\t\t<div class=\"elementor-container elementor-column-gap-default\">\n\t\t\t\t\t<div class=\"elementor-column elementor-col-100 elementor-top-column elementor-element elementor-element-7dfed00\" data-id=\"7dfed00\" data-element_type=\"column\">\n\t\t\t<div class=\"elementor-widget-wrap elementor-element-populated\">\n\t\t\t\t\t\t<div class=\"elementor-element elementor-element-071b0eb elementor-widget elementor-widget-shortcode\" data-id=\"071b0eb\" data-element_type=\"widget\" data-widget_type=\"shortcode.default\">\n\t\t\t\t<div class=\"elementor-widget-container\">\n\t\t\t\t\t<div class=\"elementor-shortcode\"><\/div>\n\t\t\t\t<\/div>\n\t\t\t\t<\/div>\n\t\t\t\t\t<\/div>\n\t\t<\/div>\n\t\t\t\t\t<\/div>\n\t\t<\/section>\n\t\t\t\t<\/div>\n\t\t","protected":false},"excerpt":{"rendered":"<p>CONSORCIO 15 socios de 8 pa\u00edses trabajan juntos en el proyecto FLORES para ejecutar una financiaci\u00f3n de 700 000 euros de Erasmus+ a trav\u00e9s de la Agencia Ejecutiva Europea de Educaci\u00f3n y Cultura (EACEA).<\/p>\n","protected":false},"author":1,"featured_media":0,"parent":2989,"menu_order":0,"comment_status":"closed","ping_status":"closed","template":"elementor_header_footer","meta":{"_acf_changed":false,"footnotes":""},"class_list":["post-3003","page","type-page","status-publish"],"acf":[],"_links":{"self":[{"href":"https:\/\/oreskills.eu\/es\/wp-json\/wp\/v2\/pages\/3003","targetHints":{"allow":["GET"]}}],"collection":[{"href":"https:\/\/oreskills.eu\/es\/wp-json\/wp\/v2\/pages"}],"about":[{"href":"https:\/\/oreskills.eu\/es\/wp-json\/wp\/v2\/types\/page"}],"author":[{"embeddable":true,"href":"https:\/\/oreskills.eu\/es\/wp-json\/wp\/v2\/users\/1"}],"replies":[{"embeddable":true,"href":"https:\/\/oreskills.eu\/es\/wp-json\/wp\/v2\/comments?post=3003"}],"version-history":[{"count":0,"href":"https:\/\/oreskills.eu\/es\/wp-json\/wp\/v2\/pages\/3003\/revisions"}],"up":[{"embeddable":true,"href":"https:\/\/oreskills.eu\/es\/wp-json\/wp\/v2\/pages\/2989"}],"wp:attachment":[{"href":"https:\/\/oreskills.eu\/es\/wp-json\/wp\/v2\/media?parent=3003"}],"curies":[{"name":"wp","href":"https:\/\/api.w.org\/{rel}","templated":true}]}}